{"id":9909,"date":"2021-09-02T08:15:08","date_gmt":"2021-09-02T06:15:08","guid":{"rendered":"https:\/\/mebelunams.lv\/?post_type=product&#038;p=9909"},"modified":"2026-01-02T17:16:08","modified_gmt":"2026-01-02T15:16:08","slug":"koka-gultas-ramis-emilija-7","status":"publish","type":"product","link":"https:\/\/mebelunams.lv\/?product=koka-gultas-ramis-emilija-7","title":{"rendered":"koka gultas r\u0101mis Em\u012blija 200 X 200"},"content":{"rendered":"","protected":false},"excerpt":{"rendered":"<p><strong>Melnalk\u0161\u0146a koka gultas r\u0101mis 200\u00d7200 ar 20 mm sapl\u0101k\u0161\u0146a redel\u0113m.\u00a0<\/strong><\/p>\n<p><strong>Augstums:\u00a0<\/strong>66 cm<strong><br \/>\nPlatums:<\/strong> 214 cm<strong><br \/>\nGarums:\u00a0<\/strong>210 cm<strong><br \/>\nGu\u013cam\u0101 plat\u012bba: <\/strong>200\u00d7200<strong><br \/>\nMateri\u0101ls:<\/strong>\u00a0melnalksnis<br \/>\n<strong>Kr\u0101sa:<\/strong>\u00a0natur\u0101la<\/p>\n<p>iesp\u0113ja pas\u016bt\u012bt cit\u0101s kr\u0101s\u0101s:<\/p>\n<p>&nbsp;<\/p>\n<p>rieksta tonis +15%<\/p>\n<p>piena tonis +20%<\/p>\n<p>mahagona tonis +30%<\/p>\n<p>wenge tonis +50%<\/p>\n<p>Cen\u0101 nav iek\u013cauts matracis, ve\u013cas kaste, nosegpanelis k\u0101jgal\u012b.<\/p>\n<p><strong>90 x 200 \u2013252 Eur<\/strong><\/p>\n<p><strong>120 x 200 &#8211; 286 Eur<\/strong><\/p>\n<p><strong>140 x 200 \u2013309 Eur<\/strong><\/p>\n<p><strong>160 x 200 \u2013 316 Eur<\/strong><\/p>\n<p><strong>180 x 200 \u2013\u00a0 327 Eur<\/strong><\/p>\n<p><strong>200 x 200 \u2013 409 Eur<\/strong><\/p>\n","protected":false},"featured_media":6989,"template":"","meta":{"neve_meta_sidebar":"","neve_meta_container":"","neve_meta_enable_content_width":"off","neve_meta_content_width":70,"neve_meta_title_alignment":"","neve_meta_author_avatar":"","neve_post_elements_order":"","neve_meta_disable_header":"","neve_meta_disable_footer":"","neve_meta_disable_title":""},"product_cat":[3334],"product_tag":[],"_links":{"self":[{"href":"https:\/\/mebelunams.lv\/index.php?rest_route=\/wp\/v2\/product\/9909"}],"collection":[{"href":"https:\/\/mebelunams.lv\/index.php?rest_route=\/wp\/v2\/product"}],"about":[{"href":"https:\/\/mebelunams.lv\/index.php?rest_route=\/wp\/v2\/types\/product"}],"wp:featuredmedia":[{"embeddable":true,"href":"https:\/\/mebelunams.lv\/index.php?rest_route=\/wp\/v2\/media\/6989"}],"wp:attachment":[{"href":"https:\/\/mebelunams.lv\/index.php?rest_route=%2Fwp%2Fv2%2Fmedia&parent=9909"}],"wp:term":[{"taxonomy":"product_cat","embeddable":true,"href":"https:\/\/mebelunams.lv\/index.php?rest_route=%2Fwp%2Fv2%2Fproduct_cat&post=9909"},{"taxonomy":"product_tag","embeddable":true,"href":"https:\/\/mebelunams.lv\/index.php?rest_route=%2Fwp%2Fv2%2Fproduct_tag&post=9909"}],"curies":[{"name":"wp","href":"https:\/\/api.w.org\/{rel}","templated":true}]}}