{"id":9907,"date":"2021-09-02T07:56:08","date_gmt":"2021-09-02T05:56:08","guid":{"rendered":"https:\/\/mebelunams.lv\/?post_type=product&#038;p=9907"},"modified":"2023-06-30T21:19:15","modified_gmt":"2023-06-30T19:19:15","slug":"%d0%ba%d1%80%d0%be%d0%b2%d0%b0%d1%82%d1%8c-elina-7","status":"publish","type":"product","link":"https:\/\/mebelunams.lv\/?product=%D0%BA%D1%80%D0%BE%D0%B2%D0%B0%D1%82%D1%8C-elina-7&lang=ru","title":{"rendered":"\u043a\u0440\u043e\u0432\u0430\u0442\u044c El\u012bna 200 X 200"},"content":{"rendered":"","protected":false},"excerpt":{"rendered":"<p><strong>\u2192 (\u0448\u0438\u0440\u0438\u043d\u0430)<\/strong> : 217 \u0441\u043c<\/p>\n<p><strong>\u2191 (\u0432\u044b\u0441\u043e\u0442\u0430)<\/strong> : 67 \u0441\u043c<\/p>\n<p><strong>\/ (\u0433\u043b\u0443\u0431\u0438\u043d\u0430)<\/strong>\u00a0 : 221 \u0441\u043c<\/p>\n<p><strong>\u043c\u0430\u0442\u0435\u0440\u0438\u0430\u043b: <\/strong>\u043c\u0430\u0441\u0441\u0438\u0432 \u0434\u0435\u0440\u0435\u0432\u043e<\/p>\n<p><strong>\u0441\u043f\u0430\u043b\u044c\u043d\u043e\u0435 \u043c\u0435\u0441\u0442\u043e:<\/strong>\u00a0 200 x 200 \u0441\u043c<\/p>\n<p>iesp\u0113ja pas\u016bt\u012bt cit\u0101s kr\u0101s\u0101s:<\/p>\n<p>&nbsp;<\/p>\n<p>rieksta tonis +15%<\/p>\n<p>piena tonis +20%<\/p>\n<p>mahagona tonis +30%<\/p>\n<p>wenge tonis +50%<\/p>\n<p><strong>90 x 200 \u2013317 Eur<\/strong><\/p>\n<p><strong>120 x 200 &#8211; 358 Eur<\/strong><\/p>\n<p><strong>140 x 200 \u2013374 Eur<\/strong><\/p>\n<p><strong>160 x 200 \u2013 385 Eur<\/strong><\/p>\n<p><strong>180 x 200 \u2013\u00a0 399 Eur<\/strong><\/p>\n<p><strong>200 x 200 \u2013 495 Eur<\/strong><\/p>\n<p>&nbsp;<\/p>\n","protected":false},"featured_media":7030,"template":"","meta":{"neve_meta_sidebar":"","neve_meta_container":"","neve_meta_enable_content_width":"off","neve_meta_content_width":70,"neve_meta_title_alignment":"","neve_meta_author_avatar":"","neve_post_elements_order":"","neve_meta_disable_header":"","neve_meta_disable_footer":"","neve_meta_disable_title":""},"product_cat":[3336],"product_tag":[],"_links":{"self":[{"href":"https:\/\/mebelunams.lv\/index.php?rest_route=\/wp\/v2\/product\/9907"}],"collection":[{"href":"https:\/\/mebelunams.lv\/index.php?rest_route=\/wp\/v2\/product"}],"about":[{"href":"https:\/\/mebelunams.lv\/index.php?rest_route=\/wp\/v2\/types\/product"}],"wp:featuredmedia":[{"embeddable":true,"href":"https:\/\/mebelunams.lv\/index.php?rest_route=\/wp\/v2\/media\/7030"}],"wp:attachment":[{"href":"https:\/\/mebelunams.lv\/index.php?rest_route=%2Fwp%2Fv2%2Fmedia&parent=9907"}],"wp:term":[{"taxonomy":"product_cat","embeddable":true,"href":"https:\/\/mebelunams.lv\/index.php?rest_route=%2Fwp%2Fv2%2Fproduct_cat&post=9907"},{"taxonomy":"product_tag","embeddable":true,"href":"https:\/\/mebelunams.lv\/index.php?rest_route=%2Fwp%2Fv2%2Fproduct_tag&post=9907"}],"curies":[{"name":"wp","href":"https:\/\/api.w.org\/{rel}","templated":true}]}}