{"id":9906,"date":"2021-09-02T07:56:08","date_gmt":"2021-09-02T05:56:08","guid":{"rendered":"https:\/\/mebelunams.lv\/?post_type=product&#038;p=9906"},"modified":"2023-06-30T21:17:17","modified_gmt":"2023-06-30T19:17:17","slug":"koka-gultas-ramis-elina-ar-lamelem-7","status":"publish","type":"product","link":"https:\/\/mebelunams.lv\/?product=koka-gultas-ramis-elina-ar-lamelem-7","title":{"rendered":"koka gultas r\u0101mis El\u012bna ar lamel\u0113m 200 X 200"},"content":{"rendered":"","protected":false},"excerpt":{"rendered":"<p><strong>Melnalk\u0161\u0146a koka gultas r\u0101mis 200\u00d7200 ar 20 mm sapl\u0101k\u0161\u0146a lamel\u0113m.<\/strong><\/p>\n<p><strong>Augstums:\u00a0<\/strong>67 cm (no gr\u012bdas l\u012bdz galvga\u013ca aug\u0161ai)<strong><br \/>\nPlatums:<\/strong> 217 cm<strong><br \/>\nGarums:\u00a0<\/strong>221 cm<strong><br \/>\nGu\u013cam\u0101 plat\u012bba: <\/strong>200\u00d7200<strong><br \/>\nMateri\u0101ls:<\/strong>\u00a0melnalksnis<br \/>\n<strong>Kr\u0101sa:<\/strong>\u00a0natur\u0101la<\/p>\n<p>iesp\u0113ja pas\u016bt\u012bt cit\u0101s kr\u0101s\u0101s:<\/p>\n<p>&nbsp;<\/p>\n<p>rieksta tonis +15%<\/p>\n<p>piena tonis +20%<\/p>\n<p>mahagona tonis +30%<\/p>\n<p>wenge tonis +50%<\/p>\n<p><strong>90 x 200 \u2013317 Eur<\/strong><\/p>\n<p><strong>120 x 200 &#8211; 358 Eur<\/strong><\/p>\n<p><strong>140 x 200 \u2013374 Eur<\/strong><\/p>\n<p><strong>160 x 200 \u2013 385 Eur<\/strong><\/p>\n<p><strong>180 x 200 \u2013\u00a0 399 Eur<\/strong><\/p>\n<p><strong>200 x 200 \u2013 495 Eur<\/strong><\/p>\n","protected":false},"featured_media":7055,"template":"","meta":{"neve_meta_sidebar":"","neve_meta_container":"","neve_meta_enable_content_width":"off","neve_meta_content_width":70,"neve_meta_title_alignment":"","neve_meta_author_avatar":"","neve_post_elements_order":"","neve_meta_disable_header":"","neve_meta_disable_footer":"","neve_meta_disable_title":""},"product_cat":[3334],"product_tag":[],"_links":{"self":[{"href":"https:\/\/mebelunams.lv\/index.php?rest_route=\/wp\/v2\/product\/9906"}],"collection":[{"href":"https:\/\/mebelunams.lv\/index.php?rest_route=\/wp\/v2\/product"}],"about":[{"href":"https:\/\/mebelunams.lv\/index.php?rest_route=\/wp\/v2\/types\/product"}],"wp:featuredmedia":[{"embeddable":true,"href":"https:\/\/mebelunams.lv\/index.php?rest_route=\/wp\/v2\/media\/7055"}],"wp:attachment":[{"href":"https:\/\/mebelunams.lv\/index.php?rest_route=%2Fwp%2Fv2%2Fmedia&parent=9906"}],"wp:term":[{"taxonomy":"product_cat","embeddable":true,"href":"https:\/\/mebelunams.lv\/index.php?rest_route=%2Fwp%2Fv2%2Fproduct_cat&post=9906"},{"taxonomy":"product_tag","embeddable":true,"href":"https:\/\/mebelunams.lv\/index.php?rest_route=%2Fwp%2Fv2%2Fproduct_tag&post=9906"}],"curies":[{"name":"wp","href":"https:\/\/api.w.org\/{rel}","templated":true}]}}