{"id":9884,"date":"2021-09-01T18:41:37","date_gmt":"2021-09-01T16:41:37","guid":{"rendered":"https:\/\/mebelunams.lv\/?post_type=product&#038;p=9884"},"modified":"2026-01-02T17:34:02","modified_gmt":"2026-01-02T15:34:02","slug":"gulta-kristine-6","status":"publish","type":"product","link":"https:\/\/mebelunams.lv\/?product=gulta-kristine-6","title":{"rendered":"gulta Krist\u012bne 200 X 200"},"content":{"rendered":"","protected":false},"excerpt":{"rendered":"<p><strong>Melnalk\u0161\u0146a koka gultas r\u0101mis 200 x 200 ar 20 mm sapl\u0101k\u0161\u0146a redel\u0113m.<\/strong><\/p>\n<p><strong>Augstums:\u00a0<\/strong>85 cm (no gr\u012bdas l\u012bdz galvga\u013ca aug\u0161ai)<strong><br \/>\nPlatums:<\/strong> 208 cm<strong><br \/>\nGarums:\u00a0<\/strong>210 cm<strong><br \/>\nGu\u013cam\u0101 plat\u012bba: <\/strong>200\u00d7200<strong><br \/>\nMateri\u0101ls:<\/strong>\u00a0melnalksnis<br \/>\n<strong>Kr\u0101sa:<\/strong>\u00a0natur\u0101la<\/p>\n<p><strong>90 x 200 \u2013270 Eur<\/strong><\/p>\n<p><strong>120 x 200 &#8211; 305 Eur<\/strong><\/p>\n<p><strong>140 x 200 \u2013320 Eur<\/strong><\/p>\n<p><strong>160 x 200 \u2013 340 Eur<\/strong><\/p>\n<p><strong>180 x 200 \u2013\u00a0 355 Eur<\/strong><\/p>\n<p><strong>200 x 200 \u2013 445 Eur<\/strong><\/p>\n<p>iesp\u0113ja pas\u016bt\u012bt cit\u0101s kr\u0101s\u0101s:<\/p>\n<p>&nbsp;<\/p>\n<p>rieksta tonis +15%<\/p>\n<p>piena tonis +20%<\/p>\n<p>mahagona tonis +30%<\/p>\n<p>wenge tonis +50%<\/p>\n<p><strong>Cen\u0101 nav iek\u013cauts:<\/strong><\/p>\n<ul>\n<li><strong>matracis<\/strong><\/li>\n<li>ve\u013cas kaste<\/li>\n<li>nosegpanelis k\u0101jgal\u012b<\/li>\n<\/ul>\n","protected":false},"featured_media":4628,"template":"","meta":{"neve_meta_sidebar":"","neve_meta_container":"","neve_meta_enable_content_width":"off","neve_meta_content_width":70,"neve_meta_title_alignment":"","neve_meta_author_avatar":"","neve_post_elements_order":"","neve_meta_disable_header":"","neve_meta_disable_footer":"","neve_meta_disable_title":""},"product_cat":[3334],"product_tag":[],"_links":{"self":[{"href":"https:\/\/mebelunams.lv\/index.php?rest_route=\/wp\/v2\/product\/9884"}],"collection":[{"href":"https:\/\/mebelunams.lv\/index.php?rest_route=\/wp\/v2\/product"}],"about":[{"href":"https:\/\/mebelunams.lv\/index.php?rest_route=\/wp\/v2\/types\/product"}],"wp:featuredmedia":[{"embeddable":true,"href":"https:\/\/mebelunams.lv\/index.php?rest_route=\/wp\/v2\/media\/4628"}],"wp:attachment":[{"href":"https:\/\/mebelunams.lv\/index.php?rest_route=%2Fwp%2Fv2%2Fmedia&parent=9884"}],"wp:term":[{"taxonomy":"product_cat","embeddable":true,"href":"https:\/\/mebelunams.lv\/index.php?rest_route=%2Fwp%2Fv2%2Fproduct_cat&post=9884"},{"taxonomy":"product_tag","embeddable":true,"href":"https:\/\/mebelunams.lv\/index.php?rest_route=%2Fwp%2Fv2%2Fproduct_tag&post=9884"}],"curies":[{"name":"wp","href":"https:\/\/api.w.org\/{rel}","templated":true}]}}