{"id":9830,"date":"2021-08-23T10:22:26","date_gmt":"2021-08-23T08:22:26","guid":{"rendered":"https:\/\/mebelunams.lv\/?post_type=product&#038;p=9830"},"modified":"2023-06-30T21:09:36","modified_gmt":"2023-06-30T19:09:36","slug":"gulta-diana-5","status":"publish","type":"product","link":"https:\/\/mebelunams.lv\/?product=gulta-diana-5","title":{"rendered":"gulta Di\u0101na 200 X 200"},"content":{"rendered":"","protected":false},"excerpt":{"rendered":"<p><strong>Augstums:\u00a0<\/strong>125 cm<strong><br \/>\nDzi\u013cums:<\/strong> 213 cm<strong><br \/>\nPlatums: <\/strong>208 cm<strong><br \/>\nGu\u013cam\u0101 plat\u012bba: <\/strong>200&#215;200<strong><br \/>\nMateri\u0101ls:<\/strong>\u00a0melnalksnis<br \/>\n<strong><br \/>\n<\/strong><\/p>\n<p>iesp\u0113ja pas\u016bt\u012bt cit\u0101s kr\u0101s\u0101s:<\/p>\n<p>&nbsp;<\/p>\n<p>rieksta tonis +15%<\/p>\n<p>piena tonis +20%<\/p>\n<p>mahagona tonis +30%<\/p>\n<p>wenge tonis +50%<\/p>\n<p>galvgalis <a href=\"https:\/\/www.litena.lt\/en\/katalogas\/litena-fabric-en\/\"><em>https:\/\/www.litena.lt\/\u00a0<\/em><\/a> audumos +40 Eur<\/p>\n<p><strong>120 x 200 &#8211; 375 Eur<\/strong><\/p>\n<p><strong>140 x 200 \u2013398 Eur<\/strong><\/p>\n<p><strong>160 x 200 \u2013 419 Eur<\/strong><\/p>\n<p><strong>180 x 200 \u2013\u00a0 439 Eur<\/strong><\/p>\n<p><strong>200 x 200 \u2013 559 Eur<\/strong><\/p>\n<p><strong>Gulta Di\u0101na, ra\u017eota Latvij\u0101 no kvalitat\u012bva melnalk\u0161\u0146a koka.<br \/>\nFunkcion\u0101la, kompakta, iztur\u012bga, m\u016bsdien\u012bgs dizains, k\u0101jgalis noapa\u013cots.<\/strong><\/p>\n<p>&nbsp;<\/p>\n<hr \/>\n<p><strong>Cen\u0101 nav iek\u013cauts:<\/strong><\/p>\n<ul>\n<li><strong>matracis<\/strong><\/li>\n<li>ve\u013cas kaste<\/li>\n<li>nosegpanelis k\u0101jgal\u012b<\/li>\n<li>kumode<\/li>\n<li>nakts skap\u012b\u0161i<\/li>\n<\/ul>\n","protected":false},"featured_media":4663,"template":"","meta":{"neve_meta_sidebar":"","neve_meta_container":"","neve_meta_enable_content_width":"off","neve_meta_content_width":70,"neve_meta_title_alignment":"","neve_meta_author_avatar":"","neve_post_elements_order":"","neve_meta_disable_header":"","neve_meta_disable_footer":"","neve_meta_disable_title":""},"product_cat":[3334],"product_tag":[],"_links":{"self":[{"href":"https:\/\/mebelunams.lv\/index.php?rest_route=\/wp\/v2\/product\/9830"}],"collection":[{"href":"https:\/\/mebelunams.lv\/index.php?rest_route=\/wp\/v2\/product"}],"about":[{"href":"https:\/\/mebelunams.lv\/index.php?rest_route=\/wp\/v2\/types\/product"}],"wp:featuredmedia":[{"embeddable":true,"href":"https:\/\/mebelunams.lv\/index.php?rest_route=\/wp\/v2\/media\/4663"}],"wp:attachment":[{"href":"https:\/\/mebelunams.lv\/index.php?rest_route=%2Fwp%2Fv2%2Fmedia&parent=9830"}],"wp:term":[{"taxonomy":"product_cat","embeddable":true,"href":"https:\/\/mebelunams.lv\/index.php?rest_route=%2Fwp%2Fv2%2Fproduct_cat&post=9830"},{"taxonomy":"product_tag","embeddable":true,"href":"https:\/\/mebelunams.lv\/index.php?rest_route=%2Fwp%2Fv2%2Fproduct_tag&post=9830"}],"curies":[{"name":"wp","href":"https:\/\/api.w.org\/{rel}","templated":true}]}}