{"id":9824,"date":"2021-08-23T09:41:53","date_gmt":"2021-08-23T07:41:53","guid":{"rendered":"https:\/\/mebelunams.lv\/?post_type=product&#038;p=9824"},"modified":"2023-02-17T16:48:31","modified_gmt":"2023-02-17T14:48:31","slug":"gulta-latex-comfort-2","status":"publish","type":"product","link":"https:\/\/mebelunams.lv\/?product=gulta-latex-comfort-2","title":{"rendered":"gulta Latex Comfort 200 X 200"},"content":{"rendered":"","protected":false},"excerpt":{"rendered":"<p>Gulta Latex Comfort ar pacel\u0161anas meh\u0101nismu, ve\u013cas kasti un matraci. Grezns, m\u012bksts galvgalis un m\u012bkstas malas. Gultas pamats uz koka k\u0101jam.<\/p>\n<p>Matracis ir daudzsl\u0101\u0146u 34 cm augstum\u0101, matracis vid\u0113ji ciets. Neatkar\u012bgas atsperes Pocket, lateksa sl\u0101nis, ortop\u0113diskais efekts, perimetra pastiprin\u0101jums.<\/p>\n<p>Liela audumu un eko \u0101das kr\u0101su izv\u0113le.\u00a0 <strong>Cena ir atkar\u012bga no matra\u010da izm\u0113ra.<\/strong><\/p>\n<p>Cena nor\u0101d\u012bta par matra\u010da izm\u0113ru 200*200 cm<\/p>\n<p>Papildus var pas\u016bt\u012bt- <a href=\"https:\/\/mebelunams.lv\/?product=naktsskapitis-latex-comfort\">naktsskap\u012bti<\/a>, <a href=\"https:\/\/mebelunams.lv\/?product=pufs-moon\">pufu<\/a>, <a href=\"https:\/\/mebelunams.lv\/?product=solins-latex-comfort\">soli\u0146u<\/a>.<\/p>\n","protected":false},"featured_media":5476,"template":"","meta":{"neve_meta_sidebar":"","neve_meta_container":"","neve_meta_enable_content_width":"off","neve_meta_content_width":70,"neve_meta_title_alignment":"","neve_meta_author_avatar":"","neve_post_elements_order":"","neve_meta_disable_header":"","neve_meta_disable_footer":"","neve_meta_disable_title":""},"product_cat":[3334],"product_tag":[],"_links":{"self":[{"href":"https:\/\/mebelunams.lv\/index.php?rest_route=\/wp\/v2\/product\/9824"}],"collection":[{"href":"https:\/\/mebelunams.lv\/index.php?rest_route=\/wp\/v2\/product"}],"about":[{"href":"https:\/\/mebelunams.lv\/index.php?rest_route=\/wp\/v2\/types\/product"}],"wp:featuredmedia":[{"embeddable":true,"href":"https:\/\/mebelunams.lv\/index.php?rest_route=\/wp\/v2\/media\/5476"}],"wp:attachment":[{"href":"https:\/\/mebelunams.lv\/index.php?rest_route=%2Fwp%2Fv2%2Fmedia&parent=9824"}],"wp:term":[{"taxonomy":"product_cat","embeddable":true,"href":"https:\/\/mebelunams.lv\/index.php?rest_route=%2Fwp%2Fv2%2Fproduct_cat&post=9824"},{"taxonomy":"product_tag","embeddable":true,"href":"https:\/\/mebelunams.lv\/index.php?rest_route=%2Fwp%2Fv2%2Fproduct_tag&post=9824"}],"curies":[{"name":"wp","href":"https:\/\/api.w.org\/{rel}","templated":true}]}}