{"id":9721,"date":"2021-08-20T15:33:16","date_gmt":"2021-08-20T13:33:16","guid":{"rendered":"https:\/\/mebelunams.lv\/?post_type=product&#038;p=9721"},"modified":"2025-09-05T16:48:16","modified_gmt":"2025-09-05T14:48:16","slug":"gulta-parize-7","status":"publish","type":"product","link":"https:\/\/mebelunams.lv\/?product=gulta-parize-7","title":{"rendered":"gulta Par\u012bze 200 X 200"},"content":{"rendered":"","protected":false},"excerpt":{"rendered":"<p>Ra\u017eota Latvij\u0101. Kvalitat\u012bva, dro\u0161a un nep\u0101rsp\u0113jama iztur\u012bb\u0101. Divas regul\u0113jamas atbalsta k\u0101jas pa vidu<br \/>\nStandarta izm\u0113ri (matracim): 200 x 200 cm<br \/>\nMatra\u010di un mantu kastes komplekt\u0101 neietilpst.<br \/>\nKomplekt\u0101 ietilpst: Gultas karkass, matra\u010da l\u012bstes, furnit\u016bra, salik\u0161anas instrukcija.<\/p>\n<p>Pieejama sekojo\u0161os kr\u0101su to\u0146os: Dab\u012bgi lakota; Balin\u0101ta (piens); Medus; Buks; Ozols; Gai\u0161s rieksts, Tum\u0161s rieksts, Sarkankoks (mahagons), k\u0101 ar\u012b citos p\u0113c pas\u016bt\u012bjuma.<\/p>\n<p>&nbsp;<\/p>\n<table border=\"0\" width=\"357\" cellspacing=\"0\" cellpadding=\"2\">\n<tbody>\n<tr>\n<td width=\"127\">90 X 200 cm<\/td>\n<td width=\"56\">419<\/td>\n<td width=\"86\">ton\u0113\u0161ana<\/td>\n<td width=\"71\">41<\/td>\n<\/tr>\n<tr>\n<td width=\"127\">120 X 200 cm<\/td>\n<td width=\"56\">441<\/td>\n<td width=\"86\">ton\u0113\u0161ana<\/td>\n<td width=\"71\">44<\/td>\n<\/tr>\n<tr>\n<td width=\"127\">140 X 200 cm<\/td>\n<td width=\"56\">473<\/td>\n<td width=\"86\">ton\u0113\u0161ana<\/td>\n<td width=\"71\">40<\/td>\n<\/tr>\n<tr>\n<td width=\"127\">160 X 200 cm<\/td>\n<td width=\"56\">500<\/td>\n<td width=\"86\">ton\u0113\u0161ana<\/td>\n<td width=\"71\">38<\/td>\n<\/tr>\n<tr>\n<td width=\"127\">180 X 200 cm<\/td>\n<td width=\"56\">525<\/td>\n<td width=\"86\">ton\u0113\u0161ana<\/td>\n<td width=\"71\">38<\/td>\n<\/tr>\n<tr>\n<td width=\"127\">200 X 200 cm<\/td>\n<td width=\"56\">650<\/td>\n<td width=\"86\">ar ton\u0113\u0161anu<\/td>\n<td width=\"71\">50<\/td>\n<\/tr>\n<\/tbody>\n<\/table>\n","protected":false},"featured_media":6216,"template":"","meta":{"neve_meta_sidebar":"","neve_meta_container":"","neve_meta_enable_content_width":"off","neve_meta_content_width":70,"neve_meta_title_alignment":"","neve_meta_author_avatar":"","neve_post_elements_order":"","neve_meta_disable_header":"","neve_meta_disable_footer":"","neve_meta_disable_title":""},"product_cat":[3334],"product_tag":[],"_links":{"self":[{"href":"https:\/\/mebelunams.lv\/index.php?rest_route=\/wp\/v2\/product\/9721"}],"collection":[{"href":"https:\/\/mebelunams.lv\/index.php?rest_route=\/wp\/v2\/product"}],"about":[{"href":"https:\/\/mebelunams.lv\/index.php?rest_route=\/wp\/v2\/types\/product"}],"wp:featuredmedia":[{"embeddable":true,"href":"https:\/\/mebelunams.lv\/index.php?rest_route=\/wp\/v2\/media\/6216"}],"wp:attachment":[{"href":"https:\/\/mebelunams.lv\/index.php?rest_route=%2Fwp%2Fv2%2Fmedia&parent=9721"}],"wp:term":[{"taxonomy":"product_cat","embeddable":true,"href":"https:\/\/mebelunams.lv\/index.php?rest_route=%2Fwp%2Fv2%2Fproduct_cat&post=9721"},{"taxonomy":"product_tag","embeddable":true,"href":"https:\/\/mebelunams.lv\/index.php?rest_route=%2Fwp%2Fv2%2Fproduct_tag&post=9721"}],"curies":[{"name":"wp","href":"https:\/\/api.w.org\/{rel}","templated":true}]}}