{"id":9488,"date":"2021-08-13T17:09:01","date_gmt":"2021-08-13T15:09:01","guid":{"rendered":"https:\/\/mebelunams.lv\/?post_type=product&#038;p=9488"},"modified":"2022-01-31T21:08:51","modified_gmt":"2022-01-31T19:08:51","slug":"konsole-amata","status":"publish","type":"product","link":"https:\/\/mebelunams.lv\/?product=konsole-amata","title":{"rendered":"konsole Amata"},"content":{"rendered":"","protected":false},"excerpt":{"rendered":"<p><strong>\u2192 (platums)<\/strong> : 104 cm<\/p>\n<p><strong>\u2191 (augstums)<\/strong> : 75, 4 cm<\/p>\n<p><strong>\/ (dzi\u013cums)<\/strong> : 45 cm<\/p>\n<p><strong>materi\u0101ls<\/strong>: priede<\/p>\n<p>soli\u0146\u0161 &#8211; 85 Eur<\/p>\n<p><strong>Pas\u016btot \u0161aj\u0101s kr\u0101s\u0101s (<a href=\"http:\/\/www.ralcolor.com\/\">http:\/\/www.ralcolor.com\/<\/a>), cena +10%<\/strong><\/p>\n","protected":false},"featured_media":9489,"template":"","meta":{"neve_meta_sidebar":"","neve_meta_container":"","neve_meta_enable_content_width":"off","neve_meta_content_width":70,"neve_meta_title_alignment":"","neve_meta_author_avatar":"","neve_post_elements_order":"","neve_meta_disable_header":"","neve_meta_disable_footer":"","neve_meta_disable_title":""},"product_cat":[3151],"product_tag":[],"_links":{"self":[{"href":"https:\/\/mebelunams.lv\/index.php?rest_route=\/wp\/v2\/product\/9488"}],"collection":[{"href":"https:\/\/mebelunams.lv\/index.php?rest_route=\/wp\/v2\/product"}],"about":[{"href":"https:\/\/mebelunams.lv\/index.php?rest_route=\/wp\/v2\/types\/product"}],"wp:featuredmedia":[{"embeddable":true,"href":"https:\/\/mebelunams.lv\/index.php?rest_route=\/wp\/v2\/media\/9489"}],"wp:attachment":[{"href":"https:\/\/mebelunams.lv\/index.php?rest_route=%2Fwp%2Fv2%2Fmedia&parent=9488"}],"wp:term":[{"taxonomy":"product_cat","embeddable":true,"href":"https:\/\/mebelunams.lv\/index.php?rest_route=%2Fwp%2Fv2%2Fproduct_cat&post=9488"},{"taxonomy":"product_tag","embeddable":true,"href":"https:\/\/mebelunams.lv\/index.php?rest_route=%2Fwp%2Fv2%2Fproduct_tag&post=9488"}],"curies":[{"name":"wp","href":"https:\/\/api.w.org\/{rel}","templated":true}]}}