{"id":9346,"date":"2021-08-09T08:55:20","date_gmt":"2021-08-09T06:55:20","guid":{"rendered":"https:\/\/mebelunams.lv\/?post_type=product&#038;p=9346"},"modified":"2022-01-31T20:57:35","modified_gmt":"2022-01-31T18:57:35","slug":"vitrina-amata","status":"publish","type":"product","link":"https:\/\/mebelunams.lv\/?product=vitrina-amata","title":{"rendered":"vitr\u012bna Amata"},"content":{"rendered":"","protected":false},"excerpt":{"rendered":"<p><strong>\u2192 (platums)<\/strong> : 90 cm<\/p>\n<p><strong>\u2191 (augstums)<\/strong> : 195,4 cm<\/p>\n<p><strong>\/ (dzi\u013cums)<\/strong> : 40 cm<\/p>\n<p>materi\u0101ls: priedes koks<\/p>\n<p><strong>Pas\u016btot \u0161aj\u0101s kr\u0101s\u0101s (<a href=\"http:\/\/www.ralcolor.com\/\">http:\/\/www.ralcolor.com\/<\/a>), cena +10%<\/strong><\/p>\n","protected":false},"featured_media":9347,"template":"","meta":{"neve_meta_sidebar":"","neve_meta_container":"","neve_meta_enable_content_width":"off","neve_meta_content_width":70,"neve_meta_title_alignment":"","neve_meta_author_avatar":"","neve_post_elements_order":"","neve_meta_disable_header":"","neve_meta_disable_footer":"","neve_meta_disable_title":""},"product_cat":[3151,22],"product_tag":[],"_links":{"self":[{"href":"https:\/\/mebelunams.lv\/index.php?rest_route=\/wp\/v2\/product\/9346"}],"collection":[{"href":"https:\/\/mebelunams.lv\/index.php?rest_route=\/wp\/v2\/product"}],"about":[{"href":"https:\/\/mebelunams.lv\/index.php?rest_route=\/wp\/v2\/types\/product"}],"wp:featuredmedia":[{"embeddable":true,"href":"https:\/\/mebelunams.lv\/index.php?rest_route=\/wp\/v2\/media\/9347"}],"wp:attachment":[{"href":"https:\/\/mebelunams.lv\/index.php?rest_route=%2Fwp%2Fv2%2Fmedia&parent=9346"}],"wp:term":[{"taxonomy":"product_cat","embeddable":true,"href":"https:\/\/mebelunams.lv\/index.php?rest_route=%2Fwp%2Fv2%2Fproduct_cat&post=9346"},{"taxonomy":"product_tag","embeddable":true,"href":"https:\/\/mebelunams.lv\/index.php?rest_route=%2Fwp%2Fv2%2Fproduct_tag&post=9346"}],"curies":[{"name":"wp","href":"https:\/\/api.w.org\/{rel}","templated":true}]}}