{"id":9163,"date":"2021-08-05T19:21:56","date_gmt":"2021-08-05T17:21:56","guid":{"rendered":"https:\/\/mebelunams.lv\/?post_type=product&#038;p=9163"},"modified":"2023-06-30T21:29:40","modified_gmt":"2023-06-30T19:29:40","slug":"gulta-madara","status":"publish","type":"product","link":"https:\/\/mebelunams.lv\/?product=gulta-madara","title":{"rendered":"gulta Madara"},"content":{"rendered":"","protected":false},"excerpt":{"rendered":"<p><strong>\u2192 (garums)<\/strong> : 208 cm<\/p>\n<p><strong>\/ (dzi\u013cums)<\/strong> : 99 cm<\/p>\n<p><strong>gu\u013cam\u0101 plat\u012bba:<\/strong> 90 X 200 cm<\/p>\n<p>ve\u013cas kaste &#8211; 85 Eur<\/p>\n<p>iesp\u0113ja pas\u016bt\u012bt cit\u0101s kr\u0101s\u0101s:<\/p>\n<p>&nbsp;<\/p>\n<p>rieksta tonis +15%<\/p>\n<p>piena tonis +20%<\/p>\n<p>mahagona tonis +30%<\/p>\n","protected":false},"featured_media":9164,"template":"","meta":{"neve_meta_sidebar":"","neve_meta_container":"","neve_meta_enable_content_width":"off","neve_meta_content_width":70,"neve_meta_title_alignment":"","neve_meta_author_avatar":"","neve_post_elements_order":"","neve_meta_disable_header":"","neve_meta_disable_footer":"","neve_meta_disable_title":""},"product_cat":[40,24],"product_tag":[],"_links":{"self":[{"href":"https:\/\/mebelunams.lv\/index.php?rest_route=\/wp\/v2\/product\/9163"}],"collection":[{"href":"https:\/\/mebelunams.lv\/index.php?rest_route=\/wp\/v2\/product"}],"about":[{"href":"https:\/\/mebelunams.lv\/index.php?rest_route=\/wp\/v2\/types\/product"}],"wp:featuredmedia":[{"embeddable":true,"href":"https:\/\/mebelunams.lv\/index.php?rest_route=\/wp\/v2\/media\/9164"}],"wp:attachment":[{"href":"https:\/\/mebelunams.lv\/index.php?rest_route=%2Fwp%2Fv2%2Fmedia&parent=9163"}],"wp:term":[{"taxonomy":"product_cat","embeddable":true,"href":"https:\/\/mebelunams.lv\/index.php?rest_route=%2Fwp%2Fv2%2Fproduct_cat&post=9163"},{"taxonomy":"product_tag","embeddable":true,"href":"https:\/\/mebelunams.lv\/index.php?rest_route=%2Fwp%2Fv2%2Fproduct_tag&post=9163"}],"curies":[{"name":"wp","href":"https:\/\/api.w.org\/{rel}","templated":true}]}}