{"id":9147,"date":"2021-08-05T12:11:35","date_gmt":"2021-08-05T10:11:35","guid":{"rendered":"https:\/\/mebelunams.lv\/?post_type=product&#038;p=9147"},"modified":"2025-09-06T15:26:46","modified_gmt":"2025-09-06T13:26:46","slug":"gulta-baiba-2","status":"publish","type":"product","link":"https:\/\/mebelunams.lv\/?product=gulta-baiba-2","title":{"rendered":"gulta Baiba 120 X 200"},"content":{"rendered":"","protected":false},"excerpt":{"rendered":"<p>Klasiska tipa, \u013coti iztur\u012bga priede mas\u012bvkoka gulta. Mas\u012bvais karkass nodro\u0161in\u0101s ilgu kalpo\u0161anas laiku un teicamu ekspluat\u0101ciju. Matra\u010di komplekt\u0101 neietilpst.<\/p>\n<p>Standarta izm\u0113ri(matracim): 120 x 200cm<\/p>\n<p>Pieejama sekojo\u0161os kr\u0101su to\u0146os: Dab\u012bgi lakota; Balin\u0101ta (piens); Medus; Buks; Ozols; Gai\u0161s rieksts, Tum\u0161s rieksts, Sarkankoks (mahagons), k\u0101 ar\u012b citos p\u0113c pas\u016bt\u012bjuma.<\/p>\n<p>Cena nor\u0101d\u012bta par dab\u012bgi lakotu gultu!<\/p>\n<table border=\"0\" width=\"357\" cellspacing=\"0\" cellpadding=\"2\">\n<tbody>\n<tr>\n<td width=\"127\">90 X 200 cm<\/td>\n<td width=\"56\">152<\/td>\n<td width=\"86\">ton\u0113\u0161ana<\/td>\n<td width=\"71\">49<\/td>\n<\/tr>\n<tr>\n<td width=\"127\">120 X 200 cm<\/td>\n<td width=\"56\">186<\/td>\n<td width=\"86\">ton\u0113\u0161ana<\/td>\n<td width=\"71\">49<\/td>\n<\/tr>\n<tr>\n<td width=\"127\">140 X 200 cm<\/td>\n<td width=\"56\">192<\/td>\n<td width=\"86\">ton\u0113\u0161ana<\/td>\n<td width=\"71\">49<\/td>\n<\/tr>\n<tr>\n<td width=\"127\">160 X 200 cm<\/td>\n<td width=\"56\">205<\/td>\n<td width=\"86\">ton\u0113\u0161ana<\/td>\n<td width=\"71\">49<\/td>\n<\/tr>\n<tr>\n<td width=\"127\">180 X 200 cm<\/td>\n<td width=\"56\">225<\/td>\n<td width=\"86\">ton\u0113\u0161ana<\/td>\n<td width=\"71\">49<\/td>\n<\/tr>\n<tr>\n<td width=\"127\">200 X 200 cm<\/td>\n<td width=\"56\">295<\/td>\n<td width=\"86\">ar ton\u0113\u0161anu<\/td>\n<td width=\"71\">59<\/td>\n<\/tr>\n<\/tbody>\n<\/table>\n","protected":false},"featured_media":9142,"template":"","meta":{"neve_meta_sidebar":"","neve_meta_container":"","neve_meta_enable_content_width":"off","neve_meta_content_width":70,"neve_meta_title_alignment":"","neve_meta_author_avatar":"","neve_post_elements_order":"","neve_meta_disable_header":"","neve_meta_disable_footer":"","neve_meta_disable_title":""},"product_cat":[36],"product_tag":[],"_links":{"self":[{"href":"https:\/\/mebelunams.lv\/index.php?rest_route=\/wp\/v2\/product\/9147"}],"collection":[{"href":"https:\/\/mebelunams.lv\/index.php?rest_route=\/wp\/v2\/product"}],"about":[{"href":"https:\/\/mebelunams.lv\/index.php?rest_route=\/wp\/v2\/types\/product"}],"wp:featuredmedia":[{"embeddable":true,"href":"https:\/\/mebelunams.lv\/index.php?rest_route=\/wp\/v2\/media\/9142"}],"wp:attachment":[{"href":"https:\/\/mebelunams.lv\/index.php?rest_route=%2Fwp%2Fv2%2Fmedia&parent=9147"}],"wp:term":[{"taxonomy":"product_cat","embeddable":true,"href":"https:\/\/mebelunams.lv\/index.php?rest_route=%2Fwp%2Fv2%2Fproduct_cat&post=9147"},{"taxonomy":"product_tag","embeddable":true,"href":"https:\/\/mebelunams.lv\/index.php?rest_route=%2Fwp%2Fv2%2Fproduct_tag&post=9147"}],"curies":[{"name":"wp","href":"https:\/\/api.w.org\/{rel}","templated":true}]}}