{"id":9127,"date":"2021-08-04T17:38:07","date_gmt":"2021-08-04T15:38:07","guid":{"rendered":"https:\/\/mebelunams.lv\/?post_type=product&#038;p=9127"},"modified":"2025-09-06T12:24:13","modified_gmt":"2025-09-06T10:24:13","slug":"gulta-duets","status":"publish","type":"product","link":"https:\/\/mebelunams.lv\/?product=gulta-duets","title":{"rendered":"gulta Duets"},"content":{"rendered":"","protected":false},"excerpt":{"rendered":"<address>Divst\u0101v\u012bga b\u0113rza mas\u012bvkoka gulta . Paredz\u0113ta gan b\u0113rniem, gan pieaugu\u0161iem. T\u0101s mas\u012bvais karkass nodro\u0161in\u0101s ilgu kalpo\u0161anas laiku un teicamu ekspluat\u0101ciju.\u00a0\u00a0Komplekt\u0101 ietilpst: gulta, matra\u010da atbalsta l\u012bstes, \u00a0plaukts.<\/address>\n<address>\u00a0<\/address>\n<address>Ton\u0113\u0161ana &#8211; 38 Eur<\/address>\n<p>Gu\u013camvietas izm\u0113rs &#8211; 90x200cm<\/p>\n","protected":false},"featured_media":9129,"template":"","meta":{"neve_meta_sidebar":"","neve_meta_container":"","neve_meta_enable_content_width":"off","neve_meta_content_width":70,"neve_meta_title_alignment":"","neve_meta_author_avatar":"","neve_post_elements_order":"","neve_meta_disable_header":"","neve_meta_disable_footer":"","neve_meta_disable_title":""},"product_cat":[3011,3021],"product_tag":[],"_links":{"self":[{"href":"https:\/\/mebelunams.lv\/index.php?rest_route=\/wp\/v2\/product\/9127"}],"collection":[{"href":"https:\/\/mebelunams.lv\/index.php?rest_route=\/wp\/v2\/product"}],"about":[{"href":"https:\/\/mebelunams.lv\/index.php?rest_route=\/wp\/v2\/types\/product"}],"wp:featuredmedia":[{"embeddable":true,"href":"https:\/\/mebelunams.lv\/index.php?rest_route=\/wp\/v2\/media\/9129"}],"wp:attachment":[{"href":"https:\/\/mebelunams.lv\/index.php?rest_route=%2Fwp%2Fv2%2Fmedia&parent=9127"}],"wp:term":[{"taxonomy":"product_cat","embeddable":true,"href":"https:\/\/mebelunams.lv\/index.php?rest_route=%2Fwp%2Fv2%2Fproduct_cat&post=9127"},{"taxonomy":"product_tag","embeddable":true,"href":"https:\/\/mebelunams.lv\/index.php?rest_route=%2Fwp%2Fv2%2Fproduct_tag&post=9127"}],"curies":[{"name":"wp","href":"https:\/\/api.w.org\/{rel}","templated":true}]}}