{"id":9112,"date":"2021-08-04T17:19:01","date_gmt":"2021-08-04T15:19:01","guid":{"rendered":"https:\/\/mebelunams.lv\/?post_type=product&#038;p=9112"},"modified":"2025-09-06T12:21:08","modified_gmt":"2025-09-06T10:21:08","slug":"gulta-tandems-2","status":"publish","type":"product","link":"https:\/\/mebelunams.lv\/?product=gulta-tandems-2","title":{"rendered":"gulta Tand\u0113ms"},"content":{"rendered":"","protected":false},"excerpt":{"rendered":"<p>Klasiska tipa, \u013coti iztur\u012bga b\u0113rza mas\u012bvkoka gulta ar gu\u013camvietas izm\u0113ru 90x200cm, paredz\u0113ta gan b\u0113rniem, gan pieaugu\u0161ajiem. Mas\u012bvais karkass nodro\u0161in\u0101s ilgu kalpo\u0161anas laiku un teicamu ekspluat\u0101ciju. Iesp\u0113jams ieg\u0101d\u0101ties da\u017e\u0101d\u0101s kr\u0101s\u0101s. Matracis komplekt\u0101 neietilpst. Komplekt\u0101 ietilpst: gulta, matra\u010da atbalsta l\u012bstes un priek\u0161as dro\u0161\u012bbas barjera.<\/p>\n<p>Ton\u0113\u0161ana: 37 Eur<\/p>\n","protected":false},"featured_media":9113,"template":"","meta":{"neve_meta_sidebar":"","neve_meta_container":"","neve_meta_enable_content_width":"off","neve_meta_content_width":70,"neve_meta_title_alignment":"","neve_meta_author_avatar":"","neve_post_elements_order":"","neve_meta_disable_header":"","neve_meta_disable_footer":"","neve_meta_disable_title":""},"product_cat":[3011],"product_tag":[],"_links":{"self":[{"href":"https:\/\/mebelunams.lv\/index.php?rest_route=\/wp\/v2\/product\/9112"}],"collection":[{"href":"https:\/\/mebelunams.lv\/index.php?rest_route=\/wp\/v2\/product"}],"about":[{"href":"https:\/\/mebelunams.lv\/index.php?rest_route=\/wp\/v2\/types\/product"}],"wp:featuredmedia":[{"embeddable":true,"href":"https:\/\/mebelunams.lv\/index.php?rest_route=\/wp\/v2\/media\/9113"}],"wp:attachment":[{"href":"https:\/\/mebelunams.lv\/index.php?rest_route=%2Fwp%2Fv2%2Fmedia&parent=9112"}],"wp:term":[{"taxonomy":"product_cat","embeddable":true,"href":"https:\/\/mebelunams.lv\/index.php?rest_route=%2Fwp%2Fv2%2Fproduct_cat&post=9112"},{"taxonomy":"product_tag","embeddable":true,"href":"https:\/\/mebelunams.lv\/index.php?rest_route=%2Fwp%2Fv2%2Fproduct_tag&post=9112"}],"curies":[{"name":"wp","href":"https:\/\/api.w.org\/{rel}","templated":true}]}}