{"id":9106,"date":"2021-08-04T17:13:20","date_gmt":"2021-08-04T15:13:20","guid":{"rendered":"https:\/\/mebelunams.lv\/?post_type=product&#038;p=9106"},"modified":"2025-09-06T12:35:47","modified_gmt":"2025-09-06T10:35:47","slug":"gulta-trapece","status":"publish","type":"product","link":"https:\/\/mebelunams.lv\/?product=gulta-trapece","title":{"rendered":"gulta Trapece"},"content":{"rendered":"","protected":false},"excerpt":{"rendered":"<p>Klasiska tipa, \u013coti iztur\u012bga divst\u0101vu b\u0113rza mas\u012bvkoka gulta, paredz\u0113ta gan b\u0113rniem, gan pieaugu\u0161iem ar izm\u0113ru 90&#215;200 + 120x200cm. Gultas var izmantot ar\u012b k\u0101 divas atsevi\u0161\u0137as vienst\u0101vu gultas. Mas\u012bvais karkass nodro\u0161in\u0101s ilgu kalpo\u0161anas laiku un teicamu ekspluat\u0101ciju. Iesp\u0113jams ieg\u0101d\u0101ties da\u017e\u0101d\u0101s kr\u0101s\u0101s. Matra\u010di komplekt\u0101 neietilpst. Komplekt\u0101 ietilpst: gulta ar gu\u013camvietas izm\u0113ru 90&#215;200 + 120x200cm, matra\u010da atbalsta l\u012bstes, k\u0101pnes, kuras iesp\u0113jams novietot ab\u0101s pus\u0113s p\u0113c vajadz\u012bbas. Garantija: 2 gadi.<\/p>\n<p>Cena ton\u0113tai gultai &#8211; 673 Eur<\/p>\n","protected":false},"featured_media":9107,"template":"","meta":{"neve_meta_sidebar":"","neve_meta_container":"","neve_meta_enable_content_width":"off","neve_meta_content_width":70,"neve_meta_title_alignment":"","neve_meta_author_avatar":"","neve_post_elements_order":"","neve_meta_disable_header":"","neve_meta_disable_footer":"","neve_meta_disable_title":""},"product_cat":[3011,3021],"product_tag":[],"_links":{"self":[{"href":"https:\/\/mebelunams.lv\/index.php?rest_route=\/wp\/v2\/product\/9106"}],"collection":[{"href":"https:\/\/mebelunams.lv\/index.php?rest_route=\/wp\/v2\/product"}],"about":[{"href":"https:\/\/mebelunams.lv\/index.php?rest_route=\/wp\/v2\/types\/product"}],"wp:featuredmedia":[{"embeddable":true,"href":"https:\/\/mebelunams.lv\/index.php?rest_route=\/wp\/v2\/media\/9107"}],"wp:attachment":[{"href":"https:\/\/mebelunams.lv\/index.php?rest_route=%2Fwp%2Fv2%2Fmedia&parent=9106"}],"wp:term":[{"taxonomy":"product_cat","embeddable":true,"href":"https:\/\/mebelunams.lv\/index.php?rest_route=%2Fwp%2Fv2%2Fproduct_cat&post=9106"},{"taxonomy":"product_tag","embeddable":true,"href":"https:\/\/mebelunams.lv\/index.php?rest_route=%2Fwp%2Fv2%2Fproduct_tag&post=9106"}],"curies":[{"name":"wp","href":"https:\/\/api.w.org\/{rel}","templated":true}]}}