{"id":9096,"date":"2021-08-04T17:03:29","date_gmt":"2021-08-04T15:03:29","guid":{"rendered":"https:\/\/mebelunams.lv\/?post_type=product&#038;p=9096"},"modified":"2025-08-20T17:26:26","modified_gmt":"2025-08-20T15:26:26","slug":"skapis-elegance-2-4-durvis","status":"publish","type":"product","link":"https:\/\/mebelunams.lv\/?product=skapis-elegance-2-4-durvis","title":{"rendered":"skapis Elegance (2-4 durvis)"},"content":{"rendered":"","protected":false},"excerpt":{"rendered":"<p>Ietilp\u012bgs skapis: r\u0101mis, plaukti un b\u0113rza durvis.<\/p>\n<p>Ton\u0113jums iek\u013cauts cen\u0101.<\/p>\n<p><strong>\u2192 (garums)<\/strong> : 100 cm<\/p>\n<p><strong>\u2191 (augstums)<\/strong> : 220 cm<\/p>\n<p><strong>\/ (dzi\u013cums)<\/strong> : 60 cm<\/p>\n<p>cena ar 3 durv\u012bm- 2331.- Eur (garums- 150 cm)<\/p>\n<p>cena ar 4 durv\u012bm- 2823.- Eur (garums- 200 cm)<\/p>\n<p>&nbsp;<\/p>\n<p><strong>Pieejama sekojo\u0161os kr\u0101su to\u0146os: Dab\u012bgi lakota; Balin\u0101ta (piens); Medus; Buks; Ozols; Gai\u0161s rieksts, Tum\u0161s rieksts, Sarkankoks (mahagons), k\u0101 ar\u012b citos p\u0113c pas\u016bt\u012bjuma.<\/strong><\/p>\n","protected":false},"featured_media":9097,"template":"","meta":{"neve_meta_sidebar":"","neve_meta_container":"","neve_meta_enable_content_width":"off","neve_meta_content_width":70,"neve_meta_title_alignment":"","neve_meta_author_avatar":"","neve_post_elements_order":"","neve_meta_disable_header":"","neve_meta_disable_footer":"","neve_meta_disable_title":""},"product_cat":[20],"product_tag":[],"_links":{"self":[{"href":"https:\/\/mebelunams.lv\/index.php?rest_route=\/wp\/v2\/product\/9096"}],"collection":[{"href":"https:\/\/mebelunams.lv\/index.php?rest_route=\/wp\/v2\/product"}],"about":[{"href":"https:\/\/mebelunams.lv\/index.php?rest_route=\/wp\/v2\/types\/product"}],"wp:featuredmedia":[{"embeddable":true,"href":"https:\/\/mebelunams.lv\/index.php?rest_route=\/wp\/v2\/media\/9097"}],"wp:attachment":[{"href":"https:\/\/mebelunams.lv\/index.php?rest_route=%2Fwp%2Fv2%2Fmedia&parent=9096"}],"wp:term":[{"taxonomy":"product_cat","embeddable":true,"href":"https:\/\/mebelunams.lv\/index.php?rest_route=%2Fwp%2Fv2%2Fproduct_cat&post=9096"},{"taxonomy":"product_tag","embeddable":true,"href":"https:\/\/mebelunams.lv\/index.php?rest_route=%2Fwp%2Fv2%2Fproduct_tag&post=9096"}],"curies":[{"name":"wp","href":"https:\/\/api.w.org\/{rel}","templated":true}]}}