{"id":9088,"date":"2021-08-04T16:44:38","date_gmt":"2021-08-04T14:44:38","guid":{"rendered":"https:\/\/mebelunams.lv\/?post_type=product&#038;p=9088"},"modified":"2025-09-06T12:40:29","modified_gmt":"2025-09-06T10:40:29","slug":"gulta-berniba","status":"publish","type":"product","link":"https:\/\/mebelunams.lv\/?product=gulta-berniba","title":{"rendered":"gulta B\u0113rn\u012bba"},"content":{"rendered":"","protected":false},"excerpt":{"rendered":"<address>Klasiska tipa, \u013coti iztur\u012bga divst\u0101vu b\u0113rza mas\u012bvkoka gulta, paredz\u0113ta gan b\u0113rniem, gan pieaugu\u0161iem ar izm\u0113ru 80&#215;180 vai 90&#215;200. Matra\u010di komplekt\u0101 neietilpst. Komplekt\u0101 ietilpst: gulta ar gu\u013camvietas izm\u0113ru 80 x 180 vai 90&#215;200, matra\u010da atbalsta l\u012bstes, k\u0101pnes, kuras iesp\u0113jams novietot ab\u0101s pus\u0113s p\u0113c vajadz\u012bbas, k\u0101 ar\u012b pirmajam st\u0101vam dro\u0161\u012bbas barjera. Garantija: 2 gadi.<\/address>\n<address>\u00a0Iesp\u0113jams ieg\u0101d\u0101ties da\u017e\u0101d\u0101s kr\u0101s\u0101s.<\/address>\n<address>\u00a0<\/address>\n<address>ton\u0113\u0161ana &#8211; 26 Eur<\/address>\n","protected":false},"featured_media":9089,"template":"","meta":{"neve_meta_sidebar":"","neve_meta_container":"","neve_meta_enable_content_width":"off","neve_meta_content_width":70,"neve_meta_title_alignment":"","neve_meta_author_avatar":"","neve_post_elements_order":"","neve_meta_disable_header":"","neve_meta_disable_footer":"","neve_meta_disable_title":""},"product_cat":[3011,3021],"product_tag":[],"_links":{"self":[{"href":"https:\/\/mebelunams.lv\/index.php?rest_route=\/wp\/v2\/product\/9088"}],"collection":[{"href":"https:\/\/mebelunams.lv\/index.php?rest_route=\/wp\/v2\/product"}],"about":[{"href":"https:\/\/mebelunams.lv\/index.php?rest_route=\/wp\/v2\/types\/product"}],"wp:featuredmedia":[{"embeddable":true,"href":"https:\/\/mebelunams.lv\/index.php?rest_route=\/wp\/v2\/media\/9089"}],"wp:attachment":[{"href":"https:\/\/mebelunams.lv\/index.php?rest_route=%2Fwp%2Fv2%2Fmedia&parent=9088"}],"wp:term":[{"taxonomy":"product_cat","embeddable":true,"href":"https:\/\/mebelunams.lv\/index.php?rest_route=%2Fwp%2Fv2%2Fproduct_cat&post=9088"},{"taxonomy":"product_tag","embeddable":true,"href":"https:\/\/mebelunams.lv\/index.php?rest_route=%2Fwp%2Fv2%2Fproduct_tag&post=9088"}],"curies":[{"name":"wp","href":"https:\/\/api.w.org\/{rel}","templated":true}]}}