{"id":9068,"date":"2021-08-02T14:47:26","date_gmt":"2021-08-02T12:47:26","guid":{"rendered":"https:\/\/mebelunams.lv\/?post_type=product&#038;p=9068"},"modified":"2025-09-06T12:44:56","modified_gmt":"2025-09-06T10:44:56","slug":"gulta-tandems","status":"publish","type":"product","link":"https:\/\/mebelunams.lv\/?product=gulta-tandems","title":{"rendered":"divst\u0101vu gulta Tand\u0113ms"},"content":{"rendered":"","protected":false},"excerpt":{"rendered":"<p>Klasiska tipa, \u013coti iztur\u012bga divst\u0101vu b\u0113rza mas\u012bvkoka gulta, paredz\u0113ta gan b\u0113rniem, gan pieaugu\u0161iem. Gultas var izmantot ar\u012b k\u0101 divas atsevi\u0161\u0137as vienst\u0101vu gultas. Gu\u013camvietas izm\u0113rs- 90x200cm. Mas\u012bvais karkass nodro\u0161in\u0101s ilgu kalpo\u0161anas laiku un teicamu ekspluat\u0101ciju. Iesp\u0113jams ieg\u0101d\u0101ties da\u017e\u0101d\u0101s kr\u0101s\u0101s. Matra\u010di komplekt\u0101 neietilpst. Komplekt\u0101 ietilpst: gulta, matra\u010da atbalsta l\u012bstes, k\u0101pnes, kuras iesp\u0113jams novietot ab\u0101s pus\u0113s p\u0113c vajadz\u012bbas. Garantija: 2 gadi.<\/p>\n<p>cena ton\u0113tai gultai: 557 Eur<\/p>\n","protected":false},"featured_media":9069,"template":"","meta":{"neve_meta_sidebar":"","neve_meta_container":"","neve_meta_enable_content_width":"off","neve_meta_content_width":70,"neve_meta_title_alignment":"","neve_meta_author_avatar":"","neve_post_elements_order":"","neve_meta_disable_header":"","neve_meta_disable_footer":"","neve_meta_disable_title":""},"product_cat":[3011,3021],"product_tag":[],"_links":{"self":[{"href":"https:\/\/mebelunams.lv\/index.php?rest_route=\/wp\/v2\/product\/9068"}],"collection":[{"href":"https:\/\/mebelunams.lv\/index.php?rest_route=\/wp\/v2\/product"}],"about":[{"href":"https:\/\/mebelunams.lv\/index.php?rest_route=\/wp\/v2\/types\/product"}],"wp:featuredmedia":[{"embeddable":true,"href":"https:\/\/mebelunams.lv\/index.php?rest_route=\/wp\/v2\/media\/9069"}],"wp:attachment":[{"href":"https:\/\/mebelunams.lv\/index.php?rest_route=%2Fwp%2Fv2%2Fmedia&parent=9068"}],"wp:term":[{"taxonomy":"product_cat","embeddable":true,"href":"https:\/\/mebelunams.lv\/index.php?rest_route=%2Fwp%2Fv2%2Fproduct_cat&post=9068"},{"taxonomy":"product_tag","embeddable":true,"href":"https:\/\/mebelunams.lv\/index.php?rest_route=%2Fwp%2Fv2%2Fproduct_tag&post=9068"}],"curies":[{"name":"wp","href":"https:\/\/api.w.org\/{rel}","templated":true}]}}