{"id":9001,"date":"2021-07-21T11:07:36","date_gmt":"2021-07-21T09:07:36","guid":{"rendered":"https:\/\/mebelunams.lv\/?post_type=product&#038;p=9001"},"modified":"2023-10-08T22:14:55","modified_gmt":"2023-10-08T20:14:55","slug":"skapis-wnps923","status":"publish","type":"product","link":"https:\/\/mebelunams.lv\/?product=skapis-wnps923","title":{"rendered":"skapis WNPS923"},"content":{"rendered":"","protected":false},"excerpt":{"rendered":"<p>No veikala noliktavas iepakojum\u0101 tiek p\u0101rdots kvalitat\u012bvs skapis ar b\u012bd\u0101m\u0101m durv\u012bm.<\/p>\n<p>Kr\u0101sa: Sonomas ozols\/balts (balto var mont\u0113jot apgriezt uz otru pusi, viss skapis b\u016bs sonoma kras\u0101).<\/p>\n<p>\u0160aj\u0101 cen\u0101 pre\u010du skaits ir ierobe\u017eots.<\/p>\n<p><strong>\u2192 (garums)<\/strong>\u00a0: 220 cm<\/p>\n<p><strong>\u2191 (augstums)<\/strong>\u00a0: 210 cm<\/p>\n<p><strong>\/ (dzi\u013cums)<\/strong>\u00a0: 62 cm<\/p>\n<p>&nbsp;<\/p>\n<p><strong>3 plauktu komplekts (skat. att\u0113l\u0101) +40 Eur<\/strong><\/p>\n<p><strong>bremz\u012btes durv\u012bm +35 Eur<\/strong><\/p>\n","protected":false},"featured_media":9002,"template":"","meta":{"neve_meta_sidebar":"","neve_meta_container":"","neve_meta_enable_content_width":"off","neve_meta_content_width":70,"neve_meta_title_alignment":"","neve_meta_author_avatar":"","neve_post_elements_order":"","neve_meta_disable_header":"","neve_meta_disable_footer":"","neve_meta_disable_title":""},"product_cat":[20],"product_tag":[],"_links":{"self":[{"href":"https:\/\/mebelunams.lv\/index.php?rest_route=\/wp\/v2\/product\/9001"}],"collection":[{"href":"https:\/\/mebelunams.lv\/index.php?rest_route=\/wp\/v2\/product"}],"about":[{"href":"https:\/\/mebelunams.lv\/index.php?rest_route=\/wp\/v2\/types\/product"}],"wp:featuredmedia":[{"embeddable":true,"href":"https:\/\/mebelunams.lv\/index.php?rest_route=\/wp\/v2\/media\/9002"}],"wp:attachment":[{"href":"https:\/\/mebelunams.lv\/index.php?rest_route=%2Fwp%2Fv2%2Fmedia&parent=9001"}],"wp:term":[{"taxonomy":"product_cat","embeddable":true,"href":"https:\/\/mebelunams.lv\/index.php?rest_route=%2Fwp%2Fv2%2Fproduct_cat&post=9001"},{"taxonomy":"product_tag","embeddable":true,"href":"https:\/\/mebelunams.lv\/index.php?rest_route=%2Fwp%2Fv2%2Fproduct_tag&post=9001"}],"curies":[{"name":"wp","href":"https:\/\/api.w.org\/{rel}","templated":true}]}}