{"id":8931,"date":"2021-07-08T22:38:11","date_gmt":"2021-07-08T20:38:11","guid":{"rendered":"https:\/\/mebelunams.lv\/?post_type=product&#038;p=8931"},"modified":"2024-08-09T06:25:18","modified_gmt":"2024-08-09T04:25:18","slug":"stura-skapji-gt","status":"publish","type":"product","link":"https:\/\/mebelunams.lv\/?product=stura-skapji-gt","title":{"rendered":"st\u016bra skapji GT"},"content":{"rendered":"","protected":false},"excerpt":{"rendered":"<p><em><strong><a href=\"https:\/\/drive.google.com\/file\/d\/1m66kAqIY904dOBFZikQg4__PhSEC8LL3\/view\">Links uz katalogu (spiest \u0161eit).<\/a><\/strong><\/em><\/p>\n<p>Prece pieejama da\u017e\u0101dos izm\u0113ros un kr\u0101s\u0101s.<\/p>\n<p>&nbsp;<\/p>\n<p>&nbsp;<\/p>\n","protected":false},"featured_media":8937,"template":"","meta":{"neve_meta_sidebar":"","neve_meta_container":"","neve_meta_enable_content_width":"off","neve_meta_content_width":70,"neve_meta_title_alignment":"","neve_meta_author_avatar":"","neve_post_elements_order":"","neve_meta_disable_header":"","neve_meta_disable_footer":"","neve_meta_disable_title":""},"product_cat":[20,2945],"product_tag":[],"_links":{"self":[{"href":"https:\/\/mebelunams.lv\/index.php?rest_route=\/wp\/v2\/product\/8931"}],"collection":[{"href":"https:\/\/mebelunams.lv\/index.php?rest_route=\/wp\/v2\/product"}],"about":[{"href":"https:\/\/mebelunams.lv\/index.php?rest_route=\/wp\/v2\/types\/product"}],"wp:featuredmedia":[{"embeddable":true,"href":"https:\/\/mebelunams.lv\/index.php?rest_route=\/wp\/v2\/media\/8937"}],"wp:attachment":[{"href":"https:\/\/mebelunams.lv\/index.php?rest_route=%2Fwp%2Fv2%2Fmedia&parent=8931"}],"wp:term":[{"taxonomy":"product_cat","embeddable":true,"href":"https:\/\/mebelunams.lv\/index.php?rest_route=%2Fwp%2Fv2%2Fproduct_cat&post=8931"},{"taxonomy":"product_tag","embeddable":true,"href":"https:\/\/mebelunams.lv\/index.php?rest_route=%2Fwp%2Fv2%2Fproduct_tag&post=8931"}],"curies":[{"name":"wp","href":"https:\/\/api.w.org\/{rel}","templated":true}]}}