{"id":8894,"date":"2021-07-08T17:46:48","date_gmt":"2021-07-08T15:46:48","guid":{"rendered":"https:\/\/mebelunams.lv\/?post_type=product&#038;p=8894"},"modified":"2026-01-05T19:02:46","modified_gmt":"2026-01-05T17:02:46","slug":"kumode-eta-3c","status":"publish","type":"product","link":"https:\/\/mebelunams.lv\/?product=kumode-eta-3c","title":{"rendered":"kumode Eta 3C"},"content":{"rendered":"","protected":false},"excerpt":{"rendered":"<p><strong>\u2192 (garums)<\/strong> : 85, 5 cm<\/p>\n<p><strong>\u2191 (augstums)<\/strong> : 60 cm<\/p>\n<p><strong>\/ (dzi\u013cums)<\/strong> : 49 cm<\/p>\n<p>iesp\u0113ja pas\u016bt\u012bt cit\u0101s kr\u0101s\u0101s:<\/p>\n<p>&nbsp;<\/p>\n<p>rieksta tonis +15%<\/p>\n<p>piena tonis +20%<\/p>\n<p>mahagona tonis +30%<\/p>\n","protected":false},"featured_media":8895,"template":"","meta":{"neve_meta_sidebar":"","neve_meta_container":"","neve_meta_enable_content_width":"off","neve_meta_content_width":70,"neve_meta_title_alignment":"","neve_meta_author_avatar":"","neve_post_elements_order":"","neve_meta_disable_header":"","neve_meta_disable_footer":"","neve_meta_disable_title":""},"product_cat":[827,18],"product_tag":[],"_links":{"self":[{"href":"https:\/\/mebelunams.lv\/index.php?rest_route=\/wp\/v2\/product\/8894"}],"collection":[{"href":"https:\/\/mebelunams.lv\/index.php?rest_route=\/wp\/v2\/product"}],"about":[{"href":"https:\/\/mebelunams.lv\/index.php?rest_route=\/wp\/v2\/types\/product"}],"wp:featuredmedia":[{"embeddable":true,"href":"https:\/\/mebelunams.lv\/index.php?rest_route=\/wp\/v2\/media\/8895"}],"wp:attachment":[{"href":"https:\/\/mebelunams.lv\/index.php?rest_route=%2Fwp%2Fv2%2Fmedia&parent=8894"}],"wp:term":[{"taxonomy":"product_cat","embeddable":true,"href":"https:\/\/mebelunams.lv\/index.php?rest_route=%2Fwp%2Fv2%2Fproduct_cat&post=8894"},{"taxonomy":"product_tag","embeddable":true,"href":"https:\/\/mebelunams.lv\/index.php?rest_route=%2Fwp%2Fv2%2Fproduct_tag&post=8894"}],"curies":[{"name":"wp","href":"https:\/\/api.w.org\/{rel}","templated":true}]}}