{"id":8729,"date":"2021-07-06T12:10:39","date_gmt":"2021-07-06T10:10:39","guid":{"rendered":"https:\/\/mebelunams.lv\/?post_type=product&#038;p=8729"},"modified":"2021-07-21T19:05:50","modified_gmt":"2021-07-21T17:05:50","slug":"datorkresls-9206","status":"publish","type":"product","link":"https:\/\/mebelunams.lv\/?product=datorkresls-9206","title":{"rendered":"datorkr\u0113sls 9206"},"content":{"rendered":"","protected":false},"excerpt":{"rendered":"<p><strong>Sp\u0113\u013cu kr\u0113sls\u00a0&#8220;9206 &#8221;\u00a0piem\u0113rots profesion\u0101liem sp\u0113l\u0113t\u0101jiem un jebkurai personai, kas pavada daudz laika pie datora.<\/strong><\/p>\n<p>\u012apa\u0161\u012bbas:<\/p>\n<p>\u2022\u00a0\u0112rts kr\u0113sls, kas p\u0101rkl\u0101ts ar sint\u0113tisku \u0101du<\/p>\n<p>\u2022 Regul\u0113jams kr\u0113sla augstums \u013cauj \u0113rti s\u0113d\u0113t gan gara, gan maza auguma cilv\u0113kiem<\/p>\n<p>\u2022\u00a0Regul\u0113jama atzveltne<\/p>\n<p>\u2022\u00a0Met\u0101la konstrukcija<\/p>\n<p>\u2022 Maksim\u0101li pie\u013cauj\u0101mais svars l\u012bdz 120 kg<\/p>\n<p>\u2022 Hrom\u0113tais t\u0113rauda krusts ir \u013coti izur\u012bgs un stabils<\/p>\n<p>\u2022\u00a0Sv\u0101rst\u012bbas meh\u0101nisms<\/p>\n<p>\u2022\u00a0Regul\u0113jami roku balsti<\/p>\n<p>\u2022\u00a05 rite\u0146i nodro\u0161ina stabilit\u0101ti, kr\u0113sls viegli rot\u0113 360\u00b0<\/p>\n<p>\u2022\u00a0Ietverti viduk\u013ca un galvas palik\u0146i<\/p>\n<p>\u2022\u00a0Kr\u0101sa: melna\/zila un melna\/sarkana<\/p>\n<p>Izm\u0113ri:<\/p>\n<p>\u2022\u00a0Platums &#8211; 55 cm<\/p>\n<p>\u2022\u00a0Dzi\u013cums &#8211; 69 cm<\/p>\n<p>\u2022\u00a0Augstums &#8211; 124-132 cm<\/p>\n<p>\u2022\u00a0S\u0113dvietas augstums &#8211; 42-50 cm<\/p>\n","protected":false},"featured_media":9056,"template":"","meta":{"neve_meta_sidebar":"","neve_meta_container":"","neve_meta_enable_content_width":"off","neve_meta_content_width":0,"neve_meta_title_alignment":"","neve_meta_author_avatar":"","neve_post_elements_order":"","neve_meta_disable_header":"","neve_meta_disable_footer":"","neve_meta_disable_title":""},"product_cat":[45],"product_tag":[],"_links":{"self":[{"href":"https:\/\/mebelunams.lv\/index.php?rest_route=\/wp\/v2\/product\/8729"}],"collection":[{"href":"https:\/\/mebelunams.lv\/index.php?rest_route=\/wp\/v2\/product"}],"about":[{"href":"https:\/\/mebelunams.lv\/index.php?rest_route=\/wp\/v2\/types\/product"}],"wp:featuredmedia":[{"embeddable":true,"href":"https:\/\/mebelunams.lv\/index.php?rest_route=\/wp\/v2\/media\/9056"}],"wp:attachment":[{"href":"https:\/\/mebelunams.lv\/index.php?rest_route=%2Fwp%2Fv2%2Fmedia&parent=8729"}],"wp:term":[{"taxonomy":"product_cat","embeddable":true,"href":"https:\/\/mebelunams.lv\/index.php?rest_route=%2Fwp%2Fv2%2Fproduct_cat&post=8729"},{"taxonomy":"product_tag","embeddable":true,"href":"https:\/\/mebelunams.lv\/index.php?rest_route=%2Fwp%2Fv2%2Fproduct_tag&post=8729"}],"curies":[{"name":"wp","href":"https:\/\/api.w.org\/{rel}","templated":true}]}}