{"id":8712,"date":"2021-07-06T12:00:35","date_gmt":"2021-07-06T10:00:35","guid":{"rendered":"https:\/\/mebelunams.lv\/?post_type=product&#038;p=8712"},"modified":"2021-07-21T19:09:46","modified_gmt":"2021-07-21T17:09:46","slug":"biroja-kresls-4712","status":"publish","type":"product","link":"https:\/\/mebelunams.lv\/?product=biroja-kresls-4712","title":{"rendered":"biroja kr\u0113sls 4712"},"content":{"rendered":"","protected":false},"excerpt":{"rendered":"<p><span lang=\"EN-US\">Biroja kr\u0113sls &#8220;<\/span>4712<span lang=\"EN-US\">&#8221; no auduma, uz riten\u012b\u0161iem, ar regul\u0113jamu augstumu un atzveltnes sl\u012bpumu.\u00a0<\/span><\/p>\n<p>\u012apa\u0161\u012bbas:<\/p>\n<p>\u2022 Regul\u0113jams kr\u0113sla augstums<\/p>\n<p>\u2022\u00a0Augsta atzveltne<\/p>\n<p>\u2022 Maksim\u0101li pie\u013cauj\u0101mais svars l\u012bdz 120 kg<\/p>\n<p>\u2022 Hrom\u0113tais t\u0113rauda krusts ir \u013coti izur\u012bgs un stabils<\/p>\n<p>\u2022\u00a0Kr\u0113slu rite\u0146i un roku balsti ir izgatavoti no plastmasas<\/p>\n<p>Izm\u0113ri:<\/p>\n<p>\u2022\u00a0<span lang=\"EN-US\">Platums &#8211; 52 cm<\/span><\/p>\n<p>\u2022\u00a0Dzi<span lang=\"LV\">\u013c<\/span><span lang=\"EN-US\">ums &#8211; 46 cm<\/span><\/p>\n<p>\u2022\u00a0<span lang=\"EN-US\">Augstums &#8211; 110-120 cm<\/span><\/p>\n","protected":false},"featured_media":8713,"template":"","meta":{"neve_meta_sidebar":"","neve_meta_container":"","neve_meta_enable_content_width":"off","neve_meta_content_width":0,"neve_meta_title_alignment":"","neve_meta_author_avatar":"","neve_post_elements_order":"","neve_meta_disable_header":"","neve_meta_disable_footer":"","neve_meta_disable_title":""},"product_cat":[45],"product_tag":[],"_links":{"self":[{"href":"https:\/\/mebelunams.lv\/index.php?rest_route=\/wp\/v2\/product\/8712"}],"collection":[{"href":"https:\/\/mebelunams.lv\/index.php?rest_route=\/wp\/v2\/product"}],"about":[{"href":"https:\/\/mebelunams.lv\/index.php?rest_route=\/wp\/v2\/types\/product"}],"wp:featuredmedia":[{"embeddable":true,"href":"https:\/\/mebelunams.lv\/index.php?rest_route=\/wp\/v2\/media\/8713"}],"wp:attachment":[{"href":"https:\/\/mebelunams.lv\/index.php?rest_route=%2Fwp%2Fv2%2Fmedia&parent=8712"}],"wp:term":[{"taxonomy":"product_cat","embeddable":true,"href":"https:\/\/mebelunams.lv\/index.php?rest_route=%2Fwp%2Fv2%2Fproduct_cat&post=8712"},{"taxonomy":"product_tag","embeddable":true,"href":"https:\/\/mebelunams.lv\/index.php?rest_route=%2Fwp%2Fv2%2Fproduct_tag&post=8712"}],"curies":[{"name":"wp","href":"https:\/\/api.w.org\/{rel}","templated":true}]}}