{"id":8693,"date":"2021-07-06T11:51:23","date_gmt":"2021-07-06T09:51:23","guid":{"rendered":"https:\/\/mebelunams.lv\/?post_type=product&#038;p=8693"},"modified":"2021-07-21T19:05:58","modified_gmt":"2021-07-21T17:05:58","slug":"datorkresls-8058","status":"publish","type":"product","link":"https:\/\/mebelunams.lv\/?product=datorkresls-8058","title":{"rendered":"datorkr\u0113sls 8058"},"content":{"rendered":"","protected":false},"excerpt":{"rendered":"<p>Sp\u0113\u013cu kr\u0113sls Happy Game &#8220;8058&#8221;\u00a0ir izgatavots no augstas kavlit\u0101tes \u0101das aizvietot\u0101ja.<\/p>\n<p>\u012apa\u0161\u012bbas:<\/p>\n<p>\u2022 Plata, \u0113rta kr\u0113sla s\u0113\u017eam\u0101 da\u013ca, kas p\u0101rkl\u0101ta ar m\u0101ksl\u012bgo \u0101du<\/p>\n<p>\u2022\u00a0Regul\u0113jams kr\u0113sla augstums<\/p>\n<p>\u2022 Regul\u0113jama atzveltne<\/p>\n<p>\u2022 TILT meh\u0101nisms<\/p>\n<p>\u2022 Papildu balsts galvai<\/p>\n<p>\u2022\u00a0Maksim\u0101li pie\u013cauj\u0101mais svars &#8211; 120 kg<\/p>\n<p>\u2022\u00a0Kr\u0113slu rite\u0146i izgatavoti no plastmasas,\u00a0p\u0101rkl\u0101ti ar gumiju, un t\u0101d\u0113j\u0101di tie nesaboj\u0101 gr\u012bdas virsmu<\/p>\n<p>\u2022\u00a0Kr\u0101sa: melna\/sarkana<\/p>\n<p>\u2022\u00a0Kr\u0113sls tiek pieg\u0101d\u0101ts\u00a0izjaukt\u0101 veid\u0101<\/p>\n<p>&nbsp;<\/p>\n<p>Izm\u0113ri:<\/p>\n<p>\u2022\u00a0S\u0113dek\u013ca da\u013cas platums &#8211; 55 cm<\/p>\n<p>\u2022\u00a0Dzi\u013cums &#8211; 69 cm<\/p>\n<p>\u2022\u00a0Augstums &#8211; 125-135 cm<\/p>\n","protected":false},"featured_media":8695,"template":"","meta":{"neve_meta_sidebar":"","neve_meta_container":"","neve_meta_enable_content_width":"off","neve_meta_content_width":0,"neve_meta_title_alignment":"","neve_meta_author_avatar":"","neve_post_elements_order":"","neve_meta_disable_header":"","neve_meta_disable_footer":"","neve_meta_disable_title":""},"product_cat":[45],"product_tag":[],"_links":{"self":[{"href":"https:\/\/mebelunams.lv\/index.php?rest_route=\/wp\/v2\/product\/8693"}],"collection":[{"href":"https:\/\/mebelunams.lv\/index.php?rest_route=\/wp\/v2\/product"}],"about":[{"href":"https:\/\/mebelunams.lv\/index.php?rest_route=\/wp\/v2\/types\/product"}],"wp:featuredmedia":[{"embeddable":true,"href":"https:\/\/mebelunams.lv\/index.php?rest_route=\/wp\/v2\/media\/8695"}],"wp:attachment":[{"href":"https:\/\/mebelunams.lv\/index.php?rest_route=%2Fwp%2Fv2%2Fmedia&parent=8693"}],"wp:term":[{"taxonomy":"product_cat","embeddable":true,"href":"https:\/\/mebelunams.lv\/index.php?rest_route=%2Fwp%2Fv2%2Fproduct_cat&post=8693"},{"taxonomy":"product_tag","embeddable":true,"href":"https:\/\/mebelunams.lv\/index.php?rest_route=%2Fwp%2Fv2%2Fproduct_tag&post=8693"}],"curies":[{"name":"wp","href":"https:\/\/api.w.org\/{rel}","templated":true}]}}