{"id":8670,"date":"2021-07-05T06:45:21","date_gmt":"2021-07-05T04:45:21","guid":{"rendered":"https:\/\/mebelunams.lv\/?post_type=product&#038;p=8670"},"modified":"2021-07-21T19:06:10","modified_gmt":"2021-07-21T17:06:10","slug":"datorkresls-7911","status":"publish","type":"product","link":"https:\/\/mebelunams.lv\/?product=datorkresls-7911","title":{"rendered":"datorkr\u0113sls 7911"},"content":{"rendered":"","protected":false},"excerpt":{"rendered":"<p>Sp\u0113\u013cu kr\u0113sls &#8220;7911 &#8221;\u00a0ir piem\u0113rots profesion\u0101liem sp\u0113l\u0113t\u0101jiem un jebkurai personai, kas pavada daudz laika pie datora. \u0112rts kr\u0113sls, kas p\u0101rkl\u0101ts ar sint\u0113tisku \u0101du.<\/p>\n<h4>\u012apa\u0161\u012bbas:<\/h4>\n<h4>\u2022\u00a0Regul\u0113jams kr\u0113sla augstums \u013cauj \u0113rti s\u0113d\u0113t gan gara, gan maza auguma cilv\u0113kiem.<\/h4>\n<h4>\u2022\u00a0Regul\u0113jama atzveltne<\/h4>\n<h4>\u2022\u00a0Met\u0101la konstrukcija<\/h4>\n<h4>\u2022\u00a0Maksim\u0101li pie\u013cauj\u0101mais svars l\u012bdz 120 kg.<\/h4>\n<h4>\u2022\u00a0Kr\u0101sa: melna\/zila\/sarkana<\/h4>\n<h4>\u2022\u00a0\u0160\u016bpo\u0161an\u0101s funkcija<\/h4>\n<h4>\u2022\u00a0Ietverti viduk\u013ca un galvas palik\u0146i<\/h4>\n<h4>\u2022\u00a0Kr\u0113slu rite\u0146i nodro\u0161ina stabilit\u0101ti, kr\u0113sls viegli rot\u0113 360\u00b0<\/h4>\n<h4>Izm\u0113ri:<\/h4>\n<h4>\u2022\u00a0Platums &#8211; 55 cm<\/h4>\n<h4>\u2022\u00a0Dzi\u013cums &#8211; 69 cm<\/h4>\n<h4>\u2022\u00a0Augstums &#8211; 124-132 cm<\/h4>\n","protected":false},"featured_media":8671,"template":"","meta":{"neve_meta_sidebar":"","neve_meta_container":"","neve_meta_enable_content_width":"off","neve_meta_content_width":0,"neve_meta_title_alignment":"","neve_meta_author_avatar":"","neve_post_elements_order":"","neve_meta_disable_header":"","neve_meta_disable_footer":"","neve_meta_disable_title":""},"product_cat":[45],"product_tag":[],"_links":{"self":[{"href":"https:\/\/mebelunams.lv\/index.php?rest_route=\/wp\/v2\/product\/8670"}],"collection":[{"href":"https:\/\/mebelunams.lv\/index.php?rest_route=\/wp\/v2\/product"}],"about":[{"href":"https:\/\/mebelunams.lv\/index.php?rest_route=\/wp\/v2\/types\/product"}],"wp:featuredmedia":[{"embeddable":true,"href":"https:\/\/mebelunams.lv\/index.php?rest_route=\/wp\/v2\/media\/8671"}],"wp:attachment":[{"href":"https:\/\/mebelunams.lv\/index.php?rest_route=%2Fwp%2Fv2%2Fmedia&parent=8670"}],"wp:term":[{"taxonomy":"product_cat","embeddable":true,"href":"https:\/\/mebelunams.lv\/index.php?rest_route=%2Fwp%2Fv2%2Fproduct_cat&post=8670"},{"taxonomy":"product_tag","embeddable":true,"href":"https:\/\/mebelunams.lv\/index.php?rest_route=%2Fwp%2Fv2%2Fproduct_tag&post=8670"}],"curies":[{"name":"wp","href":"https:\/\/api.w.org\/{rel}","templated":true}]}}