{"id":8656,"date":"2021-07-05T06:39:26","date_gmt":"2021-07-05T04:39:26","guid":{"rendered":"https:\/\/mebelunams.lv\/?post_type=product&#038;p=8656"},"modified":"2021-07-21T19:07:49","modified_gmt":"2021-07-21T17:07:49","slug":"datorkresls-2720-2","status":"publish","type":"product","link":"https:\/\/mebelunams.lv\/?product=datorkresls-2720-2","title":{"rendered":"datorkr\u0113sls 2720"},"content":{"rendered":"","protected":false},"excerpt":{"rendered":"<p>Biroja kr\u0113sls &#8220;2720 Black&#8221;\u00a0ir izgatavots no\u00a0 auduma un augstas kavlit\u0101tes \u0101das aizvietot\u0101ja (eko-\u0101da).<\/p>\n<p>\u012apa\u0161\u012bbas:<\/p>\n<p>\u2022 Regul\u0113jams kr\u0113sla augstums<\/p>\n<p>\u2022\u00a0\u0160\u016bpu\u013ckr\u0113sla funkcija<\/p>\n<p>\u2022\u00a0Augsta atzveltne<\/p>\n<p>\u2022\u00a0Maksim\u0101li pie\u013caujamais svars l\u012bdz 120 kg.<\/p>\n<p>\u2022\u00a0Hrom\u0113tais t\u0113rauda krusts ir \u013coti izur\u012bgs un stabils.<\/p>\n<p>\u2022\u00a0Kr\u0113slu rite\u0146i un roku balsti ir izgatavoti no plastmasas<\/p>\n<p>\u2022 Ir pieejamas tr\u012bs kr\u0101sas: melna, sarkana, zila<\/p>\n<p>Izm\u0113ri:<\/p>\n<p>\u2022\u00a0Platums &#8211; 71 cm<\/p>\n<p>\u2022\u00a0Dzi\u013cums &#8211; 64 cm<\/p>\n<p>\u2022\u00a0Augstums &#8211; 114-124 cm<\/p>\n","protected":false},"featured_media":8657,"template":"","meta":{"neve_meta_sidebar":"","neve_meta_container":"","neve_meta_enable_content_width":"off","neve_meta_content_width":0,"neve_meta_title_alignment":"","neve_meta_author_avatar":"","neve_post_elements_order":"","neve_meta_disable_header":"","neve_meta_disable_footer":"","neve_meta_disable_title":""},"product_cat":[45],"product_tag":[],"_links":{"self":[{"href":"https:\/\/mebelunams.lv\/index.php?rest_route=\/wp\/v2\/product\/8656"}],"collection":[{"href":"https:\/\/mebelunams.lv\/index.php?rest_route=\/wp\/v2\/product"}],"about":[{"href":"https:\/\/mebelunams.lv\/index.php?rest_route=\/wp\/v2\/types\/product"}],"wp:featuredmedia":[{"embeddable":true,"href":"https:\/\/mebelunams.lv\/index.php?rest_route=\/wp\/v2\/media\/8657"}],"wp:attachment":[{"href":"https:\/\/mebelunams.lv\/index.php?rest_route=%2Fwp%2Fv2%2Fmedia&parent=8656"}],"wp:term":[{"taxonomy":"product_cat","embeddable":true,"href":"https:\/\/mebelunams.lv\/index.php?rest_route=%2Fwp%2Fv2%2Fproduct_cat&post=8656"},{"taxonomy":"product_tag","embeddable":true,"href":"https:\/\/mebelunams.lv\/index.php?rest_route=%2Fwp%2Fv2%2Fproduct_tag&post=8656"}],"curies":[{"name":"wp","href":"https:\/\/api.w.org\/{rel}","templated":true}]}}