{"id":8623,"date":"2021-06-17T04:46:47","date_gmt":"2021-06-17T02:46:47","guid":{"rendered":"https:\/\/mebelunams.lv\/?post_type=product&#038;p=8623"},"modified":"2026-03-27T18:05:21","modified_gmt":"2026-03-27T16:05:21","slug":"izvelkams-kresls-rihards-140-x-195","status":"publish","type":"product","link":"https:\/\/mebelunams.lv\/?product=izvelkams-kresls-rihards-140-x-195","title":{"rendered":"izvelkams kr\u0113sls Rihards 140 x 195"},"content":{"rendered":"","protected":false},"excerpt":{"rendered":"<p><strong>Kop\u0113jais izm\u0113rs:<\/strong> 200 x 160 cm<br \/>\n<strong>Gu\u013cam\u0101 plat\u012bba:<\/strong> 140 x 195 cm<br \/>\n<strong>Augstums I:<\/strong>\u00a060 cm (no gr\u012bdas l\u012bdz rokubalsta aug\u0161ai)<br \/>\n<strong>Augstums II:<\/strong>\u00a085 cm (no gr\u012bdas l\u012bdz atzveltnes aug\u0161ai)<\/p>\n<p><strong>Rokubalsta platums:<\/strong> 10 cm<\/p>\n<p>D\u012bv\u0101ns ar platiem roku balstiem +50 Eur<\/p>\n<p><strong>Ir kaste ve\u013cai.<\/strong><\/p>\n<p><strong>Meh\u0101nisms &#8211; uz priek\u0161u izvelkams.<br \/>\n<\/strong><\/p>\n<p>Stiprin\u0101ts koka r\u0101mis.<\/p>\n<p>Pieejami vair\u0101k nek\u0101 100 da\u017e\u0101di audumi.<\/p>\n<table style=\"height: 401px;\" border=\"1\" width=\"509\" cellspacing=\"0\" cellpadding=\"4\">\n<tbody>\n<tr valign=\"TOP\">\n<td width=\"33%\">\n<p align=\"CENTER\"><span style=\"font-size: xx-large;\">Izm\u0113rs:<\/span><\/p>\n<\/td>\n<td width=\"33%\">\n<p align=\"CENTER\"><span style=\"font-size: xx-large;\">Stoku audumi<\/span><\/p>\n<\/td>\n<td width=\"33%\">\n<p align=\"CENTER\"><span style=\"font-size: xx-large;\">Litena, Davis audumi:<\/span><\/p>\n<\/td>\n<\/tr>\n<tr valign=\"TOP\">\n<td width=\"33%\">\n<p align=\"CENTER\"><span style=\"font-size: xx-large;\"><b>80 * 200<\/b><\/span><\/p>\n<\/td>\n<td width=\"33%\">\n<p align=\"CENTER\"><span style=\"font-size: xx-large;\"><b>476,-<\/b><\/span><\/p>\n<\/td>\n<td width=\"33%\">\n<p align=\"CENTER\"><span style=\"font-size: xx-large;\"><b>556,-<\/b><\/span><\/p>\n<\/td>\n<\/tr>\n<tr valign=\"TOP\">\n<td width=\"33%\">\n<p align=\"CENTER\"><span style=\"font-size: xx-large;\"><b>120 * 200<\/b><\/span><\/p>\n<\/td>\n<td width=\"33%\">\n<p align=\"CENTER\"><span style=\"font-size: xx-large;\"><b>516,-<\/b><\/span><\/p>\n<\/td>\n<td width=\"33%\">\n<p align=\"CENTER\"><span style=\"font-size: xx-large;\"><b>596,-<\/b><\/span><\/p>\n<\/td>\n<\/tr>\n<tr valign=\"TOP\">\n<td width=\"33%\">\n<p align=\"CENTER\"><span style=\"font-size: xx-large;\"><b>140 * 200<\/b><\/span><\/p>\n<\/td>\n<td width=\"33%\">\n<p align=\"CENTER\"><span style=\"font-size: xx-large;\"><b>579,-<\/b><\/span><\/p>\n<\/td>\n<td width=\"33%\">\n<p align=\"CENTER\"><span style=\"font-size: xx-large;\"><b>659,-<\/b><\/span><\/p>\n<\/td>\n<\/tr>\n<\/tbody>\n<\/table>\n","protected":false},"featured_media":8625,"template":"","meta":{"neve_meta_sidebar":"","neve_meta_container":"","neve_meta_enable_content_width":"off","neve_meta_content_width":70,"neve_meta_title_alignment":"","neve_meta_author_avatar":"","neve_post_elements_order":"","neve_meta_disable_header":"","neve_meta_disable_footer":"","neve_meta_disable_title":""},"product_cat":[43,3197],"product_tag":[],"_links":{"self":[{"href":"https:\/\/mebelunams.lv\/index.php?rest_route=\/wp\/v2\/product\/8623"}],"collection":[{"href":"https:\/\/mebelunams.lv\/index.php?rest_route=\/wp\/v2\/product"}],"about":[{"href":"https:\/\/mebelunams.lv\/index.php?rest_route=\/wp\/v2\/types\/product"}],"wp:featuredmedia":[{"embeddable":true,"href":"https:\/\/mebelunams.lv\/index.php?rest_route=\/wp\/v2\/media\/8625"}],"wp:attachment":[{"href":"https:\/\/mebelunams.lv\/index.php?rest_route=%2Fwp%2Fv2%2Fmedia&parent=8623"}],"wp:term":[{"taxonomy":"product_cat","embeddable":true,"href":"https:\/\/mebelunams.lv\/index.php?rest_route=%2Fwp%2Fv2%2Fproduct_cat&post=8623"},{"taxonomy":"product_tag","embeddable":true,"href":"https:\/\/mebelunams.lv\/index.php?rest_route=%2Fwp%2Fv2%2Fproduct_tag&post=8623"}],"curies":[{"name":"wp","href":"https:\/\/api.w.org\/{rel}","templated":true}]}}