{"id":8581,"date":"2021-06-14T09:47:10","date_gmt":"2021-06-14T07:47:10","guid":{"rendered":"https:\/\/mebelunams.lv\/?post_type=product&#038;p=8581"},"modified":"2022-05-09T20:55:24","modified_gmt":"2022-05-09T18:55:24","slug":"izvelkamais-kresls-brussel-1","status":"publish","type":"product","link":"https:\/\/mebelunams.lv\/?product=izvelkamais-kresls-brussel-1","title":{"rendered":"izvelkamais kr\u0113sls Brussels-1"},"content":{"rendered":"","protected":false},"excerpt":{"rendered":"<p><strong>\u2192 (garums)<\/strong> : 120 cm<\/p>\n<p><strong>\/ (dzi\u013cums)<\/strong> : 85 cm<\/p>\n<p><strong>gu\u013cam\u0101 plat\u012bba:<\/strong> 80 x 195 cm<\/p>\n","protected":false},"featured_media":8582,"template":"","meta":{"neve_meta_sidebar":"","neve_meta_container":"","neve_meta_enable_content_width":"off","neve_meta_content_width":0,"neve_meta_title_alignment":"","neve_meta_author_avatar":"","neve_post_elements_order":"","neve_meta_disable_header":"","neve_meta_disable_footer":"","neve_meta_disable_title":""},"product_cat":[43,3197],"product_tag":[],"_links":{"self":[{"href":"https:\/\/mebelunams.lv\/index.php?rest_route=\/wp\/v2\/product\/8581"}],"collection":[{"href":"https:\/\/mebelunams.lv\/index.php?rest_route=\/wp\/v2\/product"}],"about":[{"href":"https:\/\/mebelunams.lv\/index.php?rest_route=\/wp\/v2\/types\/product"}],"wp:featuredmedia":[{"embeddable":true,"href":"https:\/\/mebelunams.lv\/index.php?rest_route=\/wp\/v2\/media\/8582"}],"wp:attachment":[{"href":"https:\/\/mebelunams.lv\/index.php?rest_route=%2Fwp%2Fv2%2Fmedia&parent=8581"}],"wp:term":[{"taxonomy":"product_cat","embeddable":true,"href":"https:\/\/mebelunams.lv\/index.php?rest_route=%2Fwp%2Fv2%2Fproduct_cat&post=8581"},{"taxonomy":"product_tag","embeddable":true,"href":"https:\/\/mebelunams.lv\/index.php?rest_route=%2Fwp%2Fv2%2Fproduct_tag&post=8581"}],"curies":[{"name":"wp","href":"https:\/\/api.w.org\/{rel}","templated":true}]}}