{"id":8539,"date":"2021-06-12T18:22:14","date_gmt":"2021-06-12T16:22:14","guid":{"rendered":"https:\/\/mebelunams.lv\/?post_type=product&#038;p=8539"},"modified":"2021-06-12T18:35:38","modified_gmt":"2021-06-12T16:35:38","slug":"kresls-vecriga","status":"publish","type":"product","link":"https:\/\/mebelunams.lv\/?product=kresls-vecriga","title":{"rendered":"kr\u0113sls Vecr\u012bga"},"content":{"rendered":"","protected":false},"excerpt":{"rendered":"<p><strong>\u2192 (garums)<\/strong> : 96 cm<\/p>\n<p><strong>\u2191 (augstums)<\/strong> : 90 cm<\/p>\n<p><strong>\/ (dzi\u013cums)<\/strong> : 85 cm<\/p>\n<p>roku balsti &#8211; 20 cm katrs<\/p>\n<p><a href=\"https:\/\/mebelunams.lv\/?product=divans-vecriga\">d\u012bv\u0101ns Vecr\u012bga<\/a><\/p>\n","protected":false},"featured_media":8537,"template":"","meta":{"neve_meta_sidebar":"","neve_meta_container":"","neve_meta_enable_content_width":"off","neve_meta_content_width":0,"neve_meta_title_alignment":"","neve_meta_author_avatar":"","neve_post_elements_order":"","neve_meta_disable_header":"","neve_meta_disable_footer":"","neve_meta_disable_title":""},"product_cat":[43],"product_tag":[],"_links":{"self":[{"href":"https:\/\/mebelunams.lv\/index.php?rest_route=\/wp\/v2\/product\/8539"}],"collection":[{"href":"https:\/\/mebelunams.lv\/index.php?rest_route=\/wp\/v2\/product"}],"about":[{"href":"https:\/\/mebelunams.lv\/index.php?rest_route=\/wp\/v2\/types\/product"}],"wp:featuredmedia":[{"embeddable":true,"href":"https:\/\/mebelunams.lv\/index.php?rest_route=\/wp\/v2\/media\/8537"}],"wp:attachment":[{"href":"https:\/\/mebelunams.lv\/index.php?rest_route=%2Fwp%2Fv2%2Fmedia&parent=8539"}],"wp:term":[{"taxonomy":"product_cat","embeddable":true,"href":"https:\/\/mebelunams.lv\/index.php?rest_route=%2Fwp%2Fv2%2Fproduct_cat&post=8539"},{"taxonomy":"product_tag","embeddable":true,"href":"https:\/\/mebelunams.lv\/index.php?rest_route=%2Fwp%2Fv2%2Fproduct_tag&post=8539"}],"curies":[{"name":"wp","href":"https:\/\/api.w.org\/{rel}","templated":true}]}}