{"id":8520,"date":"2021-06-12T13:13:02","date_gmt":"2021-06-12T11:13:02","guid":{"rendered":"https:\/\/mebelunams.lv\/?post_type=product&#038;p=8520"},"modified":"2026-03-27T16:43:40","modified_gmt":"2026-03-27T14:43:40","slug":"divans-oslo","status":"publish","type":"product","link":"https:\/\/mebelunams.lv\/?product=divans-oslo","title":{"rendered":"d\u012bv\u0101ns Oslo"},"content":{"rendered":"","protected":false},"excerpt":{"rendered":"<p><strong>OSLO &#8211; d\u012bv\u0101ns ar skandin\u0101vu tipa dizainu un transform\u0101cijas jeb lifta meh\u0101nismu.<\/strong><br \/>\nSavu mazo gabar\u012btu, pla\u0161\u0101s gu\u013camvietas un paaugstin\u0101to k\u0101ji\u0146u d\u0113\u013c, ir izpeln\u012bjies klientu simp\u0101tijas. Spilvenu p\u0101rvalki no\u0146emami ar r\u0101v\u0113jsl\u0113dzi un mazg\u0101jami.<br \/>\nIesp\u0113jams pas\u016bt\u012bt individu\u0101los izm\u0113ros, kas piel\u0101goti J\u016bsu telpai un vajadz\u012bb\u0101m.<br \/>\n<strong>Standarta d\u012bv\u0101na izm\u0113ri:<\/strong><br \/>\nGabar\u012bti- 105 x 210cm<br \/>\nGu\u013camvietas izm\u0113rs- 160 x 197cm<br \/>\n<strong>Standarta d\u012bv\u0101na pild\u012bjum\u0101:<\/strong><br \/>\n5 cm koka r\u0101mis<br \/>\natsperu bloki<br \/>\n2cm putu poliuret\u0101ns<br \/>\n2cm vatel\u012bns<\/p>\n<p><strong>Iesp\u0113jami ar\u012b da\u017e\u0101di matra\u010du pild\u012bjumi (par papildus samaksu):<\/strong><br \/>\nStiprin\u0101tas atsperes (cilv\u0113kiem ar paaugstin\u0101tu \u0137erme\u0146a svaru),<br \/>\nAtsperes+kokoss<br \/>\nAtsperes+latekss<\/p>\n<hr \/>\n<p>Zem d\u012bv\u0101na iesp\u0113jams izt\u012br\u012bt gan manu\u0101li, gan iesp\u0113jams piek\u013c\u016bt pat putek\u013cu s\u016bc\u0113jam &#8211; robotam, kas atvieglo uzkop\u0161anu un garant\u0113 t\u012br\u012bbu. Silto gr\u012bdu gad\u012bjum\u0101, siltums netiek aiztur\u0113ts.<br \/>\nApr\u012bkojums ar lifta izvilk\u0161anas meh\u0101nismu, pasarg\u0101s J\u016bsu gr\u012bdu no boj\u0101jumiem.<\/p>\n<p>Pla\u0161a audumu, eko \u0101das, \u0101das aizvietot\u0101ju izv\u0113le, kuru iesp\u0113jams apskat\u012bt m\u016bsu veikal\u0101.<\/p>\n<p>Cena pas\u016btot izv\u0113les audumos: <em><strong>749.- eiro<\/strong><\/em><\/p>\n<p>Audumi:<\/p>\n<p><a href=\"https:\/\/www.litena.lt\/\">https:\/\/www.litena.lt\/<\/a><\/p>\n<p><a href=\"https:\/\/www.davis.pl\/en\/home\/\">https:\/\/www.davis.pl\/en\/home\/<\/a><\/p>\n<p>&nbsp;<\/p>\n","protected":false},"featured_media":8523,"template":"","meta":{"neve_meta_sidebar":"","neve_meta_container":"","neve_meta_enable_content_width":"off","neve_meta_content_width":100,"neve_meta_title_alignment":"","neve_meta_author_avatar":"","neve_post_elements_order":"","neve_meta_disable_header":"","neve_meta_disable_footer":"","neve_meta_disable_title":""},"product_cat":[57],"product_tag":[],"_links":{"self":[{"href":"https:\/\/mebelunams.lv\/index.php?rest_route=\/wp\/v2\/product\/8520"}],"collection":[{"href":"https:\/\/mebelunams.lv\/index.php?rest_route=\/wp\/v2\/product"}],"about":[{"href":"https:\/\/mebelunams.lv\/index.php?rest_route=\/wp\/v2\/types\/product"}],"wp:featuredmedia":[{"embeddable":true,"href":"https:\/\/mebelunams.lv\/index.php?rest_route=\/wp\/v2\/media\/8523"}],"wp:attachment":[{"href":"https:\/\/mebelunams.lv\/index.php?rest_route=%2Fwp%2Fv2%2Fmedia&parent=8520"}],"wp:term":[{"taxonomy":"product_cat","embeddable":true,"href":"https:\/\/mebelunams.lv\/index.php?rest_route=%2Fwp%2Fv2%2Fproduct_cat&post=8520"},{"taxonomy":"product_tag","embeddable":true,"href":"https:\/\/mebelunams.lv\/index.php?rest_route=%2Fwp%2Fv2%2Fproduct_tag&post=8520"}],"curies":[{"name":"wp","href":"https:\/\/api.w.org\/{rel}","templated":true}]}}