{"id":825,"date":"2020-08-31T18:48:34","date_gmt":"2020-08-31T16:48:34","guid":{"rendered":"http:\/\/mebelunams.lv\/?post_type=product&#038;p=825"},"modified":"2025-07-07T16:37:04","modified_gmt":"2025-07-07T14:37:04","slug":"laki-bernu-matracis-80-x-200","status":"publish","type":"product","link":"https:\/\/mebelunams.lv\/?product=laki-bernu-matracis-80-x-200","title":{"rendered":"Bunny matracis 80 X 200"},"content":{"rendered":"","protected":false},"excerpt":{"rendered":"<ol>\n<li style=\"list-style-type: none;\">\n<ol>\n<li style=\"list-style-type: none;\"><\/li>\n<\/ol>\n<\/li>\n<\/ol>\n<p>B\u0113rnu matracis<strong>\u00a0<\/strong>uz<strong>\u00a0<\/strong>neatkar\u012bgo atsperu bloka \u201eMINI Pocket\u201d pamata.<\/p>\n<p>\u0160is atsperu bloks izsl\u0113dz konstrukcijas sv\u0101rst\u012b\u0161anos, pateicoties katras atsperes iedarb\u012bbai uz \u0137ermeni,<\/p>\n<p>slodze sadal\u0101s vienm\u0113r\u012bgi uz matra\u010da virsmas,<\/p>\n<p>kas sniedz \u201eindividu\u0101lo pieeju\u201d katrai cilv\u0113ka \u0137erme\u0146a da\u013cai ,<\/p>\n<p>l\u012bdz ar ko pie\u0161\u0137ir visam atsperes matracim \u012bpa\u0161i izteiktas ortop\u0113diskas \u012bpa\u0161\u012bbas (pie\u013caujamais svars l\u012bdz 70 kg).<\/p>\n<p><strong>Matra\u010da pild\u012bjums:\u00a0<\/strong><em><br \/>\n<\/em><\/p>\n<p>Porolons: 20m<\/p>\n<p>minipocket: 80mm<\/p>\n<p>Porolons: 20 mm<\/p>\n<p><strong>Pieejami ar\u012b citi izm\u0113ri.<\/strong><\/p>\n","protected":false},"featured_media":18993,"template":"","meta":{"neve_meta_sidebar":"","neve_meta_container":"","neve_meta_enable_content_width":"off","neve_meta_content_width":100,"neve_meta_title_alignment":"","neve_meta_author_avatar":"","neve_post_elements_order":"","neve_meta_disable_header":"","neve_meta_disable_footer":"","neve_meta_disable_title":""},"product_cat":[54,47,25],"product_tag":[],"_links":{"self":[{"href":"https:\/\/mebelunams.lv\/index.php?rest_route=\/wp\/v2\/product\/825"}],"collection":[{"href":"https:\/\/mebelunams.lv\/index.php?rest_route=\/wp\/v2\/product"}],"about":[{"href":"https:\/\/mebelunams.lv\/index.php?rest_route=\/wp\/v2\/types\/product"}],"wp:featuredmedia":[{"embeddable":true,"href":"https:\/\/mebelunams.lv\/index.php?rest_route=\/wp\/v2\/media\/18993"}],"wp:attachment":[{"href":"https:\/\/mebelunams.lv\/index.php?rest_route=%2Fwp%2Fv2%2Fmedia&parent=825"}],"wp:term":[{"taxonomy":"product_cat","embeddable":true,"href":"https:\/\/mebelunams.lv\/index.php?rest_route=%2Fwp%2Fv2%2Fproduct_cat&post=825"},{"taxonomy":"product_tag","embeddable":true,"href":"https:\/\/mebelunams.lv\/index.php?rest_route=%2Fwp%2Fv2%2Fproduct_tag&post=825"}],"curies":[{"name":"wp","href":"https:\/\/api.w.org\/{rel}","templated":true}]}}