{"id":8204,"date":"2021-06-11T14:44:32","date_gmt":"2021-06-11T12:44:32","guid":{"rendered":"https:\/\/mebelunams.lv\/?post_type=product&#038;p=8204"},"modified":"2025-07-15T18:07:57","modified_gmt":"2025-07-15T16:07:57","slug":"galds-gramata","status":"publish","type":"product","link":"https:\/\/mebelunams.lv\/?product=galds-gramata","title":{"rendered":"galds \u201cgr\u0101mata\u201d"},"content":{"rendered":"","protected":false},"excerpt":{"rendered":"<p><strong>\u2192 (garums)<\/strong> : 142 cm<\/p>\n<p><strong>\u2191 (augstums)<\/strong> : 77 cm<\/p>\n<p><strong>\/ (dzi\u013cums)<\/strong> : 70 cm<\/p>\n<p>Virtuves galds-gr\u0101matina b\u016bs labi piem\u0113rots neliel\u0101m telp\u0101m.<\/p>\n<p>Ir 3 veidi, k\u0101 izmantot galdu: salikt\u0101 veid\u0101 (20*70 cm), da\u013c\u0113ji atv\u0113rts (81*70 cm) un piln\u012bb\u0101 atv\u0113rts (142*70 cm).<\/p>\n<p>Galda augstums 77 cm. Galdu iesp\u0113jams pas\u016bt\u012bt da\u017e\u0101d\u0101s kr\u0101s\u0101s, piel\u0101gojot istabas dizainam.<\/p>\n<p>Galds tiek ra\u017eots Latvij\u0101 ar gaid\u012b\u0161anas laiku 25-45 dienas.<\/p>\n","protected":false},"featured_media":19026,"template":"","meta":{"neve_meta_sidebar":"","neve_meta_container":"","neve_meta_enable_content_width":"off","neve_meta_content_width":100,"neve_meta_title_alignment":"","neve_meta_author_avatar":"","neve_post_elements_order":"","neve_meta_disable_header":"","neve_meta_disable_footer":"","neve_meta_disable_title":""},"product_cat":[15,35,21],"product_tag":[],"_links":{"self":[{"href":"https:\/\/mebelunams.lv\/index.php?rest_route=\/wp\/v2\/product\/8204"}],"collection":[{"href":"https:\/\/mebelunams.lv\/index.php?rest_route=\/wp\/v2\/product"}],"about":[{"href":"https:\/\/mebelunams.lv\/index.php?rest_route=\/wp\/v2\/types\/product"}],"wp:featuredmedia":[{"embeddable":true,"href":"https:\/\/mebelunams.lv\/index.php?rest_route=\/wp\/v2\/media\/19026"}],"wp:attachment":[{"href":"https:\/\/mebelunams.lv\/index.php?rest_route=%2Fwp%2Fv2%2Fmedia&parent=8204"}],"wp:term":[{"taxonomy":"product_cat","embeddable":true,"href":"https:\/\/mebelunams.lv\/index.php?rest_route=%2Fwp%2Fv2%2Fproduct_cat&post=8204"},{"taxonomy":"product_tag","embeddable":true,"href":"https:\/\/mebelunams.lv\/index.php?rest_route=%2Fwp%2Fv2%2Fproduct_tag&post=8204"}],"curies":[{"name":"wp","href":"https:\/\/api.w.org\/{rel}","templated":true}]}}