{"id":820,"date":"2020-08-31T18:37:06","date_gmt":"2020-08-31T16:37:06","guid":{"rendered":"http:\/\/mebelunams.lv\/?post_type=product&#038;p=820"},"modified":"2023-01-29T20:44:34","modified_gmt":"2023-01-29T18:44:34","slug":"eko-pocket-90-x-200","status":"publish","type":"product","link":"https:\/\/mebelunams.lv\/?product=eko-pocket-90-x-200","title":{"rendered":"Eko Pocket 90 X 200"},"content":{"rendered":"","protected":false},"excerpt":{"rendered":"<ol>\n<li>Porolons<\/li>\n<li>Vatel\u012bns<\/li>\n<li>Kokosa sl\u0101nis 20 mm<\/li>\n<li>Filcs<\/li>\n<li>Pocket<\/li>\n<li>Spanbonds<\/li>\n<li>Latekss 20 mm<\/li>\n<li>Porolons<\/li>\n<\/ol>\n<p><strong>Da\u017e\u0101das ciet\u012bbas matracis.\u00a0<\/strong>Viena matra\u010da puse ir\u00a0<strong>m\u012bksta<\/strong>, uz dab\u012bga lateksa pamata, otra puse ir\u00a0<strong>cieta<\/strong>, uz kokosa koiras pamata. Matracis<strong>\u00a0<\/strong>izgatavots uz<strong>\u00a0<\/strong>neatkar\u012bgo atsperu bloka \u201ePocket\u201d. \u0160is atsperu bloks izsl\u0113dz konstrukcijas sv\u0101rst\u012b\u0161an\u0101s un pateicoties katras atsperes iedarb\u012bbai uz \u0137ermeni, slodze sadal\u0101s vienm\u0113r\u012bgi, kas sniedz \u201eindividu\u0101lo pieeju\u201d katrai cilv\u0113ka \u0137erme\u0146a da\u013cai l\u012bdz un pie\u0161\u0137ir matracim izteiktas ortop\u0113diskas \u012bpa\u0161\u012bbas.<\/p>\n<p><strong>Lielisks ieguvums<\/strong>\u00a0taup\u012bgiem saimniekiem! Piem\u0113rots cilv\u0113kiem, kuri m\u012bl un augsti v\u0113rt\u0113 komfortu, un taj\u0101 pa\u0161\u0101 laik\u0101 v\u0113las uztur\u0113t savu \u0137ermeni tonus\u0101.<\/p>\n","protected":false},"featured_media":4136,"template":"","meta":{"neve_meta_sidebar":"","neve_meta_container":"","neve_meta_enable_content_width":"off","neve_meta_content_width":70,"neve_meta_title_alignment":"","neve_meta_author_avatar":"","neve_post_elements_order":"","neve_meta_disable_header":"","neve_meta_disable_footer":"","neve_meta_disable_title":""},"product_cat":[48],"product_tag":[],"_links":{"self":[{"href":"https:\/\/mebelunams.lv\/index.php?rest_route=\/wp\/v2\/product\/820"}],"collection":[{"href":"https:\/\/mebelunams.lv\/index.php?rest_route=\/wp\/v2\/product"}],"about":[{"href":"https:\/\/mebelunams.lv\/index.php?rest_route=\/wp\/v2\/types\/product"}],"wp:featuredmedia":[{"embeddable":true,"href":"https:\/\/mebelunams.lv\/index.php?rest_route=\/wp\/v2\/media\/4136"}],"wp:attachment":[{"href":"https:\/\/mebelunams.lv\/index.php?rest_route=%2Fwp%2Fv2%2Fmedia&parent=820"}],"wp:term":[{"taxonomy":"product_cat","embeddable":true,"href":"https:\/\/mebelunams.lv\/index.php?rest_route=%2Fwp%2Fv2%2Fproduct_cat&post=820"},{"taxonomy":"product_tag","embeddable":true,"href":"https:\/\/mebelunams.lv\/index.php?rest_route=%2Fwp%2Fv2%2Fproduct_tag&post=820"}],"curies":[{"name":"wp","href":"https:\/\/api.w.org\/{rel}","templated":true}]}}