{"id":761,"date":"2020-08-31T14:20:52","date_gmt":"2020-08-31T12:20:52","guid":{"rendered":"http:\/\/mebelunams.lv\/?post_type=product&#038;p=761"},"modified":"2023-01-29T20:41:35","modified_gmt":"2023-01-29T18:41:35","slug":"eko-lux-pocket-140-x-200","status":"publish","type":"product","link":"https:\/\/mebelunams.lv\/?product=eko-lux-pocket-140-x-200","title":{"rendered":"Eko Lux Pocket 140 X 200"},"content":{"rendered":"","protected":false},"excerpt":{"rendered":"<ol>\n<li>Porolons<\/li>\n<li>Vilna<\/li>\n<li>Kokosa sl\u0101nis 20 mm<\/li>\n<li>Filcs<\/li>\n<li>Kokvilna<\/li>\n<li>Spanbonds<\/li>\n<li>Pocket<\/li>\n<li>Latekss 30 mm<\/li>\n<li>Porolons<\/li>\n<\/ol>\n<p>&nbsp;<\/p>\n<p><strong>Da\u017e\u0101das ciet\u012bbas matracis.\u00a0<\/strong>Viena matra\u010da puse ir\u00a0<strong>m\u012bksta<\/strong>, uz dab\u012bga 30 mm lateksa pamata, otra puse ir\u00a0<strong>cieta<\/strong>, uz kokosa koiras pamata. Matracis<strong>\u00a0<\/strong>izgatavots uz<strong>\u00a0<\/strong>neatkar\u012bgo atsperu bloka \u201ePocket\u201d. \u0160is atsperu bloks izsl\u0113dz konstrukcijas sv\u0101rst\u012b\u0161an\u0101s un pateicoties katras atsperes iedarb\u012bbai uz \u0137ermeni, slodze sadal\u0101s vienm\u0113r\u012bgi un sniedz \u201eindividu\u0101lu pieeju\u201d katrai cilv\u0113ka \u0137erme\u0146a da\u013cai, un pie\u0161\u0137ir matracim \u012bpa\u0161i izteiktas ortop\u0113diskas \u012bpa\u0161\u012bbas. Matracim piem\u012bt \u201eziemas-vasaras\u201d efekts.<\/p>\n<p><strong>Lielisks ieguvums<\/strong>\u00a0cilv\u0113kiem, kuriem pat\u012bk akt\u012bvs un m\u0113reni akt\u012bvs dz\u012bvesveids. Ide\u0101lais pirkums tiem, kuri m\u012bl un augsti v\u0113rt\u0113 komfortu un taj\u0101 pa\u0161\u0101 laik\u0101 v\u0113las uztur\u0113t savu \u0137ermeni tonus\u0101.<\/p>\n","protected":false},"featured_media":4118,"template":"","meta":{"neve_meta_sidebar":"","neve_meta_container":"","neve_meta_enable_content_width":"off","neve_meta_content_width":70,"neve_meta_title_alignment":"","neve_meta_author_avatar":"","neve_post_elements_order":"","neve_meta_disable_header":"","neve_meta_disable_footer":"","neve_meta_disable_title":""},"product_cat":[51],"product_tag":[],"_links":{"self":[{"href":"https:\/\/mebelunams.lv\/index.php?rest_route=\/wp\/v2\/product\/761"}],"collection":[{"href":"https:\/\/mebelunams.lv\/index.php?rest_route=\/wp\/v2\/product"}],"about":[{"href":"https:\/\/mebelunams.lv\/index.php?rest_route=\/wp\/v2\/types\/product"}],"wp:featuredmedia":[{"embeddable":true,"href":"https:\/\/mebelunams.lv\/index.php?rest_route=\/wp\/v2\/media\/4118"}],"wp:attachment":[{"href":"https:\/\/mebelunams.lv\/index.php?rest_route=%2Fwp%2Fv2%2Fmedia&parent=761"}],"wp:term":[{"taxonomy":"product_cat","embeddable":true,"href":"https:\/\/mebelunams.lv\/index.php?rest_route=%2Fwp%2Fv2%2Fproduct_cat&post=761"},{"taxonomy":"product_tag","embeddable":true,"href":"https:\/\/mebelunams.lv\/index.php?rest_route=%2Fwp%2Fv2%2Fproduct_tag&post=761"}],"curies":[{"name":"wp","href":"https:\/\/api.w.org\/{rel}","templated":true}]}}