{"id":760,"date":"2020-08-31T14:18:14","date_gmt":"2020-08-31T12:18:14","guid":{"rendered":"http:\/\/mebelunams.lv\/?post_type=product&#038;p=760"},"modified":"2023-01-29T20:47:46","modified_gmt":"2023-01-29T18:47:46","slug":"eko-bonel-140-x-200","status":"publish","type":"product","link":"https:\/\/mebelunams.lv\/?product=eko-bonel-140-x-200","title":{"rendered":"Eko Bonel 140 X 200"},"content":{"rendered":"","protected":false},"excerpt":{"rendered":"<ol>\n<li>Porolons<\/li>\n<li>Kokvilnas vatel\u012bns<\/li>\n<li>Kokosa sl\u0101nis 20 mm<\/li>\n<li>Filcs<\/li>\n<li>Bonnel<\/li>\n<li>Filcs<\/li>\n<li>Latekss 20 mm<\/li>\n<li>Porolons<\/li>\n<\/ol>\n<p>&nbsp;<\/p>\n<p><strong>Da\u017e\u0101das ciet\u012bbas matracis.\u00a0<\/strong>Viena matra\u010da puse ir\u00a0<strong>m\u012bksta<\/strong>, uz dab\u012bga lateksa pamata, otra puse ir\u00a0<strong>cieta<\/strong>, uz kokosa \u0161\u0137iedras pamata. Matracis<strong>\u00a0<\/strong>izgatavots uz<strong>\u00a0<\/strong>atsperu bloka \u201eBonnel\u201d pamata. \u0160\u012bm atsper\u0113m ir konstrukt\u012bva \u012bpa\u0161\u012bba, kas veido optim\u0101lo atbalstu un \u013cauj vienm\u0113r\u012bgi sadal\u012bt cilv\u0113ka svaru uz matra\u010da virsmas.<\/p>\n<p><strong>Lielisks ieguvums<\/strong>\u00a0taup\u012bgiem saimniekiem! Piem\u0113rots cilv\u0113kiem, kas m\u012bl un augsti v\u0113rt\u0113 komfortu, un taj\u0101 pa\u0161\u0101 laik\u0101 v\u0113las uztur\u0113t savu \u0137ermeni tonus\u0101.<\/p>\n","protected":false},"featured_media":4030,"template":"","meta":{"neve_meta_sidebar":"","neve_meta_container":"","neve_meta_enable_content_width":"off","neve_meta_content_width":70,"neve_meta_title_alignment":"","neve_meta_author_avatar":"","neve_post_elements_order":"","neve_meta_disable_header":"","neve_meta_disable_footer":"","neve_meta_disable_title":""},"product_cat":[51],"product_tag":[],"_links":{"self":[{"href":"https:\/\/mebelunams.lv\/index.php?rest_route=\/wp\/v2\/product\/760"}],"collection":[{"href":"https:\/\/mebelunams.lv\/index.php?rest_route=\/wp\/v2\/product"}],"about":[{"href":"https:\/\/mebelunams.lv\/index.php?rest_route=\/wp\/v2\/types\/product"}],"wp:featuredmedia":[{"embeddable":true,"href":"https:\/\/mebelunams.lv\/index.php?rest_route=\/wp\/v2\/media\/4030"}],"wp:attachment":[{"href":"https:\/\/mebelunams.lv\/index.php?rest_route=%2Fwp%2Fv2%2Fmedia&parent=760"}],"wp:term":[{"taxonomy":"product_cat","embeddable":true,"href":"https:\/\/mebelunams.lv\/index.php?rest_route=%2Fwp%2Fv2%2Fproduct_cat&post=760"},{"taxonomy":"product_tag","embeddable":true,"href":"https:\/\/mebelunams.lv\/index.php?rest_route=%2Fwp%2Fv2%2Fproduct_tag&post=760"}],"curies":[{"name":"wp","href":"https:\/\/api.w.org\/{rel}","templated":true}]}}