{"id":759,"date":"2020-08-31T14:16:47","date_gmt":"2020-08-31T12:16:47","guid":{"rendered":"http:\/\/mebelunams.lv\/?post_type=product&#038;p=759"},"modified":"2024-01-30T14:21:29","modified_gmt":"2024-01-30T12:21:29","slug":"delta-pocket-140-x-200","status":"publish","type":"product","link":"https:\/\/mebelunams.lv\/?product=delta-pocket-140-x-200","title":{"rendered":"Delta Pocket 140 X 200"},"content":{"rendered":"","protected":false},"excerpt":{"rendered":"<ol>\n<li>Porolons<\/li>\n<li>Latekss 20 mm<\/li>\n<li>Filcs<\/li>\n<li>Pocket<\/li>\n<li>Filcs<\/li>\n<li>Porolons 20 mm<\/li>\n<li>Porolons<\/li>\n<\/ol>\n<p>&nbsp;<\/p>\n<p><strong>M\u012bksts<\/strong>\u00a0divpus\u0113js matracis uz neatkar\u012bgo atsperu pamata ar starpsl\u0101\u0146iem no lateksa un putu poliuret\u0101na. Matracis \u013cauj Jums justies \u0113rti jebkur\u0101 st\u0101vokl\u012b, bet neatkar\u012bgas atsperes nodro\u0161ina ortop\u0113disko efektu, atk\u0101rtojot \u0137erme\u0146a dabiskus izliekumus.<\/p>\n<p><strong>Lielisks ieguvums\u00a0<\/strong>taup\u012bgiem saimniekiem! Piem\u0113rots cilv\u0113kiem, kas ciena vesel\u012bgu pilnv\u0113rt\u012bgu miegu.<\/p>\n","protected":false},"featured_media":4009,"template":"","meta":{"neve_meta_sidebar":"","neve_meta_container":"","neve_meta_enable_content_width":"off","neve_meta_content_width":70,"neve_meta_title_alignment":"","neve_meta_author_avatar":"","neve_post_elements_order":"","neve_meta_disable_header":"","neve_meta_disable_footer":"","neve_meta_disable_title":""},"product_cat":[51],"product_tag":[],"_links":{"self":[{"href":"https:\/\/mebelunams.lv\/index.php?rest_route=\/wp\/v2\/product\/759"}],"collection":[{"href":"https:\/\/mebelunams.lv\/index.php?rest_route=\/wp\/v2\/product"}],"about":[{"href":"https:\/\/mebelunams.lv\/index.php?rest_route=\/wp\/v2\/types\/product"}],"wp:featuredmedia":[{"embeddable":true,"href":"https:\/\/mebelunams.lv\/index.php?rest_route=\/wp\/v2\/media\/4009"}],"wp:attachment":[{"href":"https:\/\/mebelunams.lv\/index.php?rest_route=%2Fwp%2Fv2%2Fmedia&parent=759"}],"wp:term":[{"taxonomy":"product_cat","embeddable":true,"href":"https:\/\/mebelunams.lv\/index.php?rest_route=%2Fwp%2Fv2%2Fproduct_cat&post=759"},{"taxonomy":"product_tag","embeddable":true,"href":"https:\/\/mebelunams.lv\/index.php?rest_route=%2Fwp%2Fv2%2Fproduct_tag&post=759"}],"curies":[{"name":"wp","href":"https:\/\/api.w.org\/{rel}","templated":true}]}}