{"id":678,"date":"2020-08-29T09:38:02","date_gmt":"2020-08-29T07:38:02","guid":{"rendered":"http:\/\/mebelunams.lv\/?post_type=product&#038;p=678"},"modified":"2023-12-06T14:00:27","modified_gmt":"2023-12-06T12:00:27","slug":"orthopedic-ecological-70-x-140","status":"publish","type":"product","link":"https:\/\/mebelunams.lv\/?product=orthopedic-ecological-70-x-140","title":{"rendered":"orthopedic ecological 70 X 140"},"content":{"rendered":"","protected":false},"excerpt":{"rendered":"<p>Vid\u0113ji ciets &#8220;Bonell&#8221; atsperu matracis b\u0113rniem.<br \/>\nAugstums: 12 cm<br \/>\nIzm\u0113rs: 70 x 140 cm<\/p>\n<ul>\n<li>audums<\/li>\n<li>kokvilnas polster\u0113jums<\/li>\n<li>kokvilnas \u0161\u0137iedra<\/li>\n<li>pres\u0113ta kokvilna<\/li>\n<li>&#8220;Bonell&#8221; atsperu bloks (H15 cm)<\/li>\n<li>apk\u0101rt t\u0113rauda r\u0101mis<\/li>\n<li>pres\u0113ta kokvilna<\/li>\n<li>kokvilnas \u0161\u0137iedra<\/li>\n<li>kokvilnas polster\u0113jums<\/li>\n<li>audums<\/li>\n<\/ul>\n","protected":false},"featured_media":4351,"template":"","meta":{"neve_meta_sidebar":"","neve_meta_container":"","neve_meta_enable_content_width":"","neve_meta_content_width":0,"neve_meta_title_alignment":"","neve_meta_author_avatar":"","neve_post_elements_order":"","neve_meta_disable_header":"","neve_meta_disable_footer":"","neve_meta_disable_title":""},"product_cat":[54,86],"product_tag":[],"_links":{"self":[{"href":"https:\/\/mebelunams.lv\/index.php?rest_route=\/wp\/v2\/product\/678"}],"collection":[{"href":"https:\/\/mebelunams.lv\/index.php?rest_route=\/wp\/v2\/product"}],"about":[{"href":"https:\/\/mebelunams.lv\/index.php?rest_route=\/wp\/v2\/types\/product"}],"wp:featuredmedia":[{"embeddable":true,"href":"https:\/\/mebelunams.lv\/index.php?rest_route=\/wp\/v2\/media\/4351"}],"wp:attachment":[{"href":"https:\/\/mebelunams.lv\/index.php?rest_route=%2Fwp%2Fv2%2Fmedia&parent=678"}],"wp:term":[{"taxonomy":"product_cat","embeddable":true,"href":"https:\/\/mebelunams.lv\/index.php?rest_route=%2Fwp%2Fv2%2Fproduct_cat&post=678"},{"taxonomy":"product_tag","embeddable":true,"href":"https:\/\/mebelunams.lv\/index.php?rest_route=%2Fwp%2Fv2%2Fproduct_tag&post=678"}],"curies":[{"name":"wp","href":"https:\/\/api.w.org\/{rel}","templated":true}]}}