{"id":672,"date":"2020-08-29T09:33:03","date_gmt":"2020-08-29T07:33:03","guid":{"rendered":"http:\/\/mebelunams.lv\/?post_type=product&#038;p=672"},"modified":"2023-06-05T14:59:50","modified_gmt":"2023-06-05T12:59:50","slug":"coco-ecological-70-x-140","status":"publish","type":"product","link":"https:\/\/mebelunams.lv\/?product=coco-ecological-70-x-140","title":{"rendered":"coco ecological 70 X 140"},"content":{"rendered":"","protected":false},"excerpt":{"rendered":"<p><strong>Stingrs kokosa \u0161\u0137iedras matracis b\u0113rniem<br \/>\nIzm\u0113rs: 70 x 140 cm<\/strong><br \/>\n<strong>Augstums: 10 cm<\/strong><\/p>\n<ul>\n<li>audums<\/li>\n<li>lin\u0161\u0137iedras polster\u0113jums<\/li>\n<li>kokvilnas \u0161\u0137iedra<\/li>\n<li>kokosa \u0161\u0137iedra<\/li>\n<li>kokvilnas \u0161\u0137iedra<\/li>\n<li>lin\u0161\u0137iedras polster\u0113jums<\/li>\n<li>audums<\/li>\n<\/ul>\n","protected":false},"featured_media":3886,"template":"","meta":{"neve_meta_sidebar":"","neve_meta_container":"","neve_meta_enable_content_width":"","neve_meta_content_width":0,"neve_meta_title_alignment":"","neve_meta_author_avatar":"","neve_post_elements_order":"","neve_meta_disable_header":"","neve_meta_disable_footer":"","neve_meta_disable_title":""},"product_cat":[54,86],"product_tag":[],"_links":{"self":[{"href":"https:\/\/mebelunams.lv\/index.php?rest_route=\/wp\/v2\/product\/672"}],"collection":[{"href":"https:\/\/mebelunams.lv\/index.php?rest_route=\/wp\/v2\/product"}],"about":[{"href":"https:\/\/mebelunams.lv\/index.php?rest_route=\/wp\/v2\/types\/product"}],"wp:featuredmedia":[{"embeddable":true,"href":"https:\/\/mebelunams.lv\/index.php?rest_route=\/wp\/v2\/media\/3886"}],"wp:attachment":[{"href":"https:\/\/mebelunams.lv\/index.php?rest_route=%2Fwp%2Fv2%2Fmedia&parent=672"}],"wp:term":[{"taxonomy":"product_cat","embeddable":true,"href":"https:\/\/mebelunams.lv\/index.php?rest_route=%2Fwp%2Fv2%2Fproduct_cat&post=672"},{"taxonomy":"product_tag","embeddable":true,"href":"https:\/\/mebelunams.lv\/index.php?rest_route=%2Fwp%2Fv2%2Fproduct_tag&post=672"}],"curies":[{"name":"wp","href":"https:\/\/api.w.org\/{rel}","templated":true}]}}