{"id":655,"date":"2020-08-29T08:53:20","date_gmt":"2020-08-29T06:53:20","guid":{"rendered":"http:\/\/mebelunams.lv\/?post_type=product&#038;p=655"},"modified":"2023-08-11T14:02:01","modified_gmt":"2023-08-11T12:02:01","slug":"soft-ecological-180-x-200","status":"publish","type":"product","link":"https:\/\/mebelunams.lv\/?product=soft-ecological-180-x-200","title":{"rendered":"soft ecological 180 X 200"},"content":{"rendered":"","protected":false},"excerpt":{"rendered":"<p>Smalk\u0101ku atsperu d\u0113\u013c, matracis ir m\u012bkst\u0101ks. <strong>7 gadu garantija<\/strong><br \/>\nAugstums: 23 cm<\/p>\n<ul>\n<li>audums<\/li>\n<li>kokvilnas polster\u0113jums<\/li>\n<li>kokvilnas \u0161\u0137iedra<\/li>\n<li>stingri pres\u0113ta kokvilna<\/li>\n<li>pres\u0113ta kokvilna<\/li>\n<li>papildus atbalsta atsperes s\u0101nos<\/li>\n<li>atsperes H15 cm<\/li>\n<li>apk\u0101rt t\u0113rauda r\u0101mis<\/li>\n<li>pres\u0113ta kokvilna<\/li>\n<li>stingri pres\u0113ta kokvilna<\/li>\n<li>kokvilnas \u0161\u0137iedra<\/li>\n<li>aitas vilnas polster\u0113jums<\/li>\n<li>audums<\/li>\n<\/ul>\n","protected":false},"featured_media":4444,"template":"","meta":{"neve_meta_sidebar":"","neve_meta_container":"","neve_meta_enable_content_width":"","neve_meta_content_width":0,"neve_meta_title_alignment":"","neve_meta_author_avatar":"","neve_post_elements_order":"","neve_meta_disable_header":"","neve_meta_disable_footer":"","neve_meta_disable_title":""},"product_cat":[84,53],"product_tag":[],"_links":{"self":[{"href":"https:\/\/mebelunams.lv\/index.php?rest_route=\/wp\/v2\/product\/655"}],"collection":[{"href":"https:\/\/mebelunams.lv\/index.php?rest_route=\/wp\/v2\/product"}],"about":[{"href":"https:\/\/mebelunams.lv\/index.php?rest_route=\/wp\/v2\/types\/product"}],"wp:featuredmedia":[{"embeddable":true,"href":"https:\/\/mebelunams.lv\/index.php?rest_route=\/wp\/v2\/media\/4444"}],"wp:attachment":[{"href":"https:\/\/mebelunams.lv\/index.php?rest_route=%2Fwp%2Fv2%2Fmedia&parent=655"}],"wp:term":[{"taxonomy":"product_cat","embeddable":true,"href":"https:\/\/mebelunams.lv\/index.php?rest_route=%2Fwp%2Fv2%2Fproduct_cat&post=655"},{"taxonomy":"product_tag","embeddable":true,"href":"https:\/\/mebelunams.lv\/index.php?rest_route=%2Fwp%2Fv2%2Fproduct_tag&post=655"}],"curies":[{"name":"wp","href":"https:\/\/api.w.org\/{rel}","templated":true}]}}