{"id":643,"date":"2020-08-29T08:31:52","date_gmt":"2020-08-29T06:31:52","guid":{"rendered":"http:\/\/mebelunams.lv\/?post_type=product&#038;p=643"},"modified":"2022-10-15T22:30:08","modified_gmt":"2022-10-15T20:30:08","slug":"reva-120-x-200","status":"publish","type":"product","link":"https:\/\/mebelunams.lv\/?product=reva-120-x-200","title":{"rendered":"Reva 120 X 200"},"content":{"rendered":"","protected":false},"excerpt":{"rendered":"<p>Vienk\u0101r\u0161s Pocket atsperu matracis ar pareizu atbalstu mugurkaulam un labai atp\u016btai!<strong> 7 gadu garantija<\/strong><br \/>\nAugstums: 21 cm<\/p>\n<ul>\n<li>audums<\/li>\n<li>kokvilnas polster\u0113jums<\/li>\n<li>kokvilnas \u0161\u0137iedra<\/li>\n<li>pres\u0113ta kokvilna<\/li>\n<li>apk\u0101rt t\u0113rauda r\u0101mis<\/li>\n<li>Pocket atsperes H15 cm<\/li>\n<li>papildus atbalsta atsperes s\u0101nos<\/li>\n<li>pres\u0113ta kokvilna<\/li>\n<li>kokvilnas \u0161\u0137iedra<\/li>\n<li>kokvilnas polster\u0113jums<\/li>\n<li>audums<\/li>\n<\/ul>\n","protected":false},"featured_media":4417,"template":"","meta":{"neve_meta_sidebar":"","neve_meta_container":"","neve_meta_enable_content_width":"","neve_meta_content_width":0,"neve_meta_title_alignment":"","neve_meta_author_avatar":"","neve_post_elements_order":"","neve_meta_disable_header":"","neve_meta_disable_footer":"","neve_meta_disable_title":""},"product_cat":[81,50],"product_tag":[],"_links":{"self":[{"href":"https:\/\/mebelunams.lv\/index.php?rest_route=\/wp\/v2\/product\/643"}],"collection":[{"href":"https:\/\/mebelunams.lv\/index.php?rest_route=\/wp\/v2\/product"}],"about":[{"href":"https:\/\/mebelunams.lv\/index.php?rest_route=\/wp\/v2\/types\/product"}],"wp:featuredmedia":[{"embeddable":true,"href":"https:\/\/mebelunams.lv\/index.php?rest_route=\/wp\/v2\/media\/4417"}],"wp:attachment":[{"href":"https:\/\/mebelunams.lv\/index.php?rest_route=%2Fwp%2Fv2%2Fmedia&parent=643"}],"wp:term":[{"taxonomy":"product_cat","embeddable":true,"href":"https:\/\/mebelunams.lv\/index.php?rest_route=%2Fwp%2Fv2%2Fproduct_cat&post=643"},{"taxonomy":"product_tag","embeddable":true,"href":"https:\/\/mebelunams.lv\/index.php?rest_route=%2Fwp%2Fv2%2Fproduct_tag&post=643"}],"curies":[{"name":"wp","href":"https:\/\/api.w.org\/{rel}","templated":true}]}}