{"id":615,"date":"2020-08-29T07:39:22","date_gmt":"2020-08-29T05:39:22","guid":{"rendered":"http:\/\/mebelunams.lv\/?post_type=product&#038;p=615"},"modified":"2023-01-18T22:29:26","modified_gmt":"2023-01-18T20:29:26","slug":"orfeas-100-x-200","status":"publish","type":"product","link":"https:\/\/mebelunams.lv\/?product=orfeas-100-x-200","title":{"rendered":"Orfeas 100 X 200"},"content":{"rendered":"","protected":false},"excerpt":{"rendered":"<p>Dubultais kokvilnas \u0161\u0137iedras sl\u0101nis padara m\u012bkst\u0101ku tikai matra\u010da virsmu, pats matracis ir vid\u0113ji ciets. <strong>7 gadu garantija.<\/strong><br \/>\nAugstums: 24 cm<\/p>\n<ul>\n<li>audums<\/li>\n<li>dubults kokvilnas polster\u0113jums<\/li>\n<li>dubults kokvilnas \u0161\u0137iedras sl\u0101nis<\/li>\n<li>pres\u0113ta kokvilna<\/li>\n<li>papildus atsperes s\u0101nos<\/li>\n<li>Pocket atsperes H 13 cm<\/li>\n<li>apk\u0101rt t\u0113rauda r\u0101mis<\/li>\n<li>pres\u0113ta kokvilna<\/li>\n<li>dubults kokvilnas \u0161\u0137iedras sl\u0101nis<\/li>\n<li>dubults aitas vilnas polster\u0113jums<\/li>\n<li>audums<\/li>\n<\/ul>\n","protected":false},"featured_media":4295,"template":"","meta":{"neve_meta_sidebar":"","neve_meta_container":"","neve_meta_enable_content_width":"","neve_meta_content_width":0,"neve_meta_title_alignment":"","neve_meta_author_avatar":"","neve_post_elements_order":"","neve_meta_disable_header":"","neve_meta_disable_footer":"","neve_meta_disable_title":""},"product_cat":[80,49],"product_tag":[],"_links":{"self":[{"href":"https:\/\/mebelunams.lv\/index.php?rest_route=\/wp\/v2\/product\/615"}],"collection":[{"href":"https:\/\/mebelunams.lv\/index.php?rest_route=\/wp\/v2\/product"}],"about":[{"href":"https:\/\/mebelunams.lv\/index.php?rest_route=\/wp\/v2\/types\/product"}],"wp:featuredmedia":[{"embeddable":true,"href":"https:\/\/mebelunams.lv\/index.php?rest_route=\/wp\/v2\/media\/4295"}],"wp:attachment":[{"href":"https:\/\/mebelunams.lv\/index.php?rest_route=%2Fwp%2Fv2%2Fmedia&parent=615"}],"wp:term":[{"taxonomy":"product_cat","embeddable":true,"href":"https:\/\/mebelunams.lv\/index.php?rest_route=%2Fwp%2Fv2%2Fproduct_cat&post=615"},{"taxonomy":"product_tag","embeddable":true,"href":"https:\/\/mebelunams.lv\/index.php?rest_route=%2Fwp%2Fv2%2Fproduct_tag&post=615"}],"curies":[{"name":"wp","href":"https:\/\/api.w.org\/{rel}","templated":true}]}}