{"id":605,"date":"2020-08-27T15:20:23","date_gmt":"2020-08-27T13:20:23","guid":{"rendered":"http:\/\/mebelunams.lv\/?post_type=product&#038;p=605"},"modified":"2023-12-15T19:51:11","modified_gmt":"2023-12-15T17:51:11","slug":"olympia-100-x-200","status":"publish","type":"product","link":"https:\/\/mebelunams.lv\/?product=olympia-100-x-200","title":{"rendered":"Olympia 100 X 200"},"content":{"rendered":"","protected":false},"excerpt":{"rendered":"<p>Micro pocket atsper\u0113m ir t\u0101das pa\u0161as \u012bpa\u0161\u012bbas k\u0101 Pocket atsper\u0113m, bet t\u0101m ir maz\u0101ks diametrs, l\u012bdz ar ko, to ir divreiz vair\u0101k un t\u0101s sniedz lab\u0101ku atbalstu mugurkaulam. Ieteicams cilv\u0113kiem ar liel\u0101ku svaru.<br \/>\nMatra\u010da augstums 23 cm.<\/p>\n<ul>\n<li>audums<\/li>\n<li>lin\u0161\u0137iedras polster\u0113jums<\/li>\n<li>latekss<\/li>\n<li>kokvilnas \u0161\u0137iedra<\/li>\n<li>pres\u0113ta kokvilna<\/li>\n<li>Micropocket atsperes H 15 cm<\/li>\n<li>papildus atbalsta atsperes s\u0101nos<\/li>\n<li>apk\u0101rt t\u0113rauda r\u0101mis<\/li>\n<li>pres\u0113ta kokvilna<\/li>\n<li>kokvilnas \u0161\u0137iedra<\/li>\n<li>latekss<\/li>\n<li>kamie\u013cvilnas polster\u0113jums<\/li>\n<li>audums<\/li>\n<\/ul>\n","protected":false},"featured_media":4272,"template":"","meta":{"neve_meta_sidebar":"","neve_meta_container":"","neve_meta_enable_content_width":"","neve_meta_content_width":0,"neve_meta_title_alignment":"","neve_meta_author_avatar":"","neve_post_elements_order":"","neve_meta_disable_header":"","neve_meta_disable_footer":"","neve_meta_disable_title":""},"product_cat":[80,49],"product_tag":[],"_links":{"self":[{"href":"https:\/\/mebelunams.lv\/index.php?rest_route=\/wp\/v2\/product\/605"}],"collection":[{"href":"https:\/\/mebelunams.lv\/index.php?rest_route=\/wp\/v2\/product"}],"about":[{"href":"https:\/\/mebelunams.lv\/index.php?rest_route=\/wp\/v2\/types\/product"}],"wp:featuredmedia":[{"embeddable":true,"href":"https:\/\/mebelunams.lv\/index.php?rest_route=\/wp\/v2\/media\/4272"}],"wp:attachment":[{"href":"https:\/\/mebelunams.lv\/index.php?rest_route=%2Fwp%2Fv2%2Fmedia&parent=605"}],"wp:term":[{"taxonomy":"product_cat","embeddable":true,"href":"https:\/\/mebelunams.lv\/index.php?rest_route=%2Fwp%2Fv2%2Fproduct_cat&post=605"},{"taxonomy":"product_tag","embeddable":true,"href":"https:\/\/mebelunams.lv\/index.php?rest_route=%2Fwp%2Fv2%2Fproduct_tag&post=605"}],"curies":[{"name":"wp","href":"https:\/\/api.w.org\/{rel}","templated":true}]}}