{"id":604,"date":"2020-08-27T15:12:19","date_gmt":"2020-08-27T13:12:19","guid":{"rendered":"http:\/\/mebelunams.lv\/?post_type=product&#038;p=604"},"modified":"2023-06-05T15:15:30","modified_gmt":"2023-06-05T13:15:30","slug":"las-vegas-200-x-200","status":"publish","type":"product","link":"https:\/\/mebelunams.lv\/?product=las-vegas-200-x-200","title":{"rendered":"Las Vegas 200 X 200"},"content":{"rendered":"","protected":false},"excerpt":{"rendered":"<p>Luksus klases, ekskluz\u012bvs matracis ar dubultu atsperu sist\u0113mu. P\u0101rvilkts ar \u012bpa\u0161u audumu &#8220;Lyocell Vitam&#8221;, kam piem\u012bt siltuma regul\u0113jo\u0161as \u012bpa\u0161\u012bbas, optim\u0101la mitruma absorb\u0101cija, putek\u013cu un pel\u0113juma \u0113rc\u012bt\u0113m nedraudz\u012bga vide, piem\u0113rots cilv\u0113kiem ar aler\u0123iju vai j\u016bt\u012bgu \u0101du. Ieteicams cilv\u0113kiem ar liel\u0101ku svaru. Matra\u010da augstums 36 cm.<\/p>\n<ul>\n<li>audums<\/li>\n<li>lin\u0161\u0137iedras polster\u0113jums<\/li>\n<li>Memory porolons<\/li>\n<li>pres\u0113ta kokvilna<\/li>\n<li>apk\u0101rt t\u0113rauda r\u0101mis<\/li>\n<li>Micropocket atsperes H 13 cm<\/li>\n<li>papildus atsperes s\u0101nos<\/li>\n<li>apk\u0101rt t\u0113rauda r\u0101mis<\/li>\n<li>Pocket atsperes H 13 cm<\/li>\n<li>papildus atbalsta atsperes s\u0101nos<\/li>\n<li>pres\u0113ta kokvilna<\/li>\n<li>latekss<\/li>\n<li>kokvilnas \u0161kiedra<\/li>\n<li>kamie\u013cvilnas polster\u0113jums<\/li>\n<li>audums<\/li>\n<\/ul>\n","protected":false},"featured_media":4251,"template":"","meta":{"neve_meta_sidebar":"","neve_meta_container":"","neve_meta_enable_content_width":"","neve_meta_content_width":0,"neve_meta_title_alignment":"","neve_meta_author_avatar":"","neve_post_elements_order":"","neve_meta_disable_header":"","neve_meta_disable_footer":"","neve_meta_disable_title":""},"product_cat":[85,76],"product_tag":[],"_links":{"self":[{"href":"https:\/\/mebelunams.lv\/index.php?rest_route=\/wp\/v2\/product\/604"}],"collection":[{"href":"https:\/\/mebelunams.lv\/index.php?rest_route=\/wp\/v2\/product"}],"about":[{"href":"https:\/\/mebelunams.lv\/index.php?rest_route=\/wp\/v2\/types\/product"}],"wp:featuredmedia":[{"embeddable":true,"href":"https:\/\/mebelunams.lv\/index.php?rest_route=\/wp\/v2\/media\/4251"}],"wp:attachment":[{"href":"https:\/\/mebelunams.lv\/index.php?rest_route=%2Fwp%2Fv2%2Fmedia&parent=604"}],"wp:term":[{"taxonomy":"product_cat","embeddable":true,"href":"https:\/\/mebelunams.lv\/index.php?rest_route=%2Fwp%2Fv2%2Fproduct_cat&post=604"},{"taxonomy":"product_tag","embeddable":true,"href":"https:\/\/mebelunams.lv\/index.php?rest_route=%2Fwp%2Fv2%2Fproduct_tag&post=604"}],"curies":[{"name":"wp","href":"https:\/\/api.w.org\/{rel}","templated":true}]}}