{"id":582,"date":"2020-08-27T08:58:42","date_gmt":"2020-08-27T06:58:42","guid":{"rendered":"http:\/\/mebelunams.lv\/?post_type=product&#038;p=582"},"modified":"2023-11-22T13:05:06","modified_gmt":"2023-11-22T11:05:06","slug":"iris-pocket-100-x-200-matracis","status":"publish","type":"product","link":"https:\/\/mebelunams.lv\/?product=iris-pocket-100-x-200-matracis","title":{"rendered":"Iris pocket 100 X 200 matracis"},"content":{"rendered":"","protected":false},"excerpt":{"rendered":"<p>Vien\u012bgais Stroma matracis, kam visas puses ir &#8220;sl\u0113gtas&#8221; un, kas sast\u0101v no HR porolona un pocket atsper\u0113m. Vid\u0113ji ciets.<br \/>\nAugstums: 21 cm<\/p>\n<ul>\n<li>audums<\/li>\n<li>kokvilnas polster\u0113jums<\/li>\n<li>HR porolons<\/li>\n<li>pocket atsperes H13 cm<\/li>\n<li>s\u0101nos 7 cm biezs porolons<\/li>\n<li>aitas vilnas polster\u0113jums<\/li>\n<li>audums<\/li>\n<\/ul>\n","protected":false},"featured_media":4237,"template":"","meta":{"neve_meta_sidebar":"","neve_meta_container":"","neve_meta_enable_content_width":"","neve_meta_content_width":0,"neve_meta_title_alignment":"","neve_meta_author_avatar":"","neve_post_elements_order":"","neve_meta_disable_header":"","neve_meta_disable_footer":"","neve_meta_disable_title":""},"product_cat":[80,49],"product_tag":[],"_links":{"self":[{"href":"https:\/\/mebelunams.lv\/index.php?rest_route=\/wp\/v2\/product\/582"}],"collection":[{"href":"https:\/\/mebelunams.lv\/index.php?rest_route=\/wp\/v2\/product"}],"about":[{"href":"https:\/\/mebelunams.lv\/index.php?rest_route=\/wp\/v2\/types\/product"}],"wp:featuredmedia":[{"embeddable":true,"href":"https:\/\/mebelunams.lv\/index.php?rest_route=\/wp\/v2\/media\/4237"}],"wp:attachment":[{"href":"https:\/\/mebelunams.lv\/index.php?rest_route=%2Fwp%2Fv2%2Fmedia&parent=582"}],"wp:term":[{"taxonomy":"product_cat","embeddable":true,"href":"https:\/\/mebelunams.lv\/index.php?rest_route=%2Fwp%2Fv2%2Fproduct_cat&post=582"},{"taxonomy":"product_tag","embeddable":true,"href":"https:\/\/mebelunams.lv\/index.php?rest_route=%2Fwp%2Fv2%2Fproduct_tag&post=582"}],"curies":[{"name":"wp","href":"https:\/\/api.w.org\/{rel}","templated":true}]}}