{"id":572,"date":"2020-08-27T08:44:39","date_gmt":"2020-08-27T06:44:39","guid":{"rendered":"http:\/\/mebelunams.lv\/?post_type=product&#038;p=572"},"modified":"2023-06-05T14:59:21","modified_gmt":"2023-06-05T12:59:21","slug":"coco-ecological-100-x-200-matracis","status":"publish","type":"product","link":"https:\/\/mebelunams.lv\/?product=coco-ecological-100-x-200-matracis","title":{"rendered":"coco ecological 100 X 200 matracis"},"content":{"rendered":"","protected":false},"excerpt":{"rendered":"<p>Stingrs, ne ciets kokosa \u0161\u0137iedras matracis<br \/>\nAugstums: 23 cm<\/p>\n<ul>\n<li>audums<\/li>\n<li>lin\u0161\u0137iedras polster\u0113jums<\/li>\n<li>kokvilnas \u0161\u0137iedra<\/li>\n<li>kokosa \u0161\u0137iedra<\/li>\n<li>papildus atbalsta atsperes s\u0101nos<\/li>\n<li>atsperes H15 cm<\/li>\n<li>apk\u0101rt t\u0113rauda r\u0101mis<\/li>\n<li>kokosa \u0161\u0137iedra<\/li>\n<li>kokvilnas \u0161\u0137iedra<\/li>\n<li>lin\u0161\u0137iedras polster\u0113jums<\/li>\n<li>audums<\/li>\n<\/ul>\n","protected":false},"featured_media":3849,"template":"","meta":{"neve_meta_sidebar":"","neve_meta_container":"","neve_meta_enable_content_width":"","neve_meta_content_width":0,"neve_meta_title_alignment":"","neve_meta_author_avatar":"","neve_post_elements_order":"","neve_meta_disable_header":"","neve_meta_disable_footer":"","neve_meta_disable_title":""},"product_cat":[80,49],"product_tag":[],"_links":{"self":[{"href":"https:\/\/mebelunams.lv\/index.php?rest_route=\/wp\/v2\/product\/572"}],"collection":[{"href":"https:\/\/mebelunams.lv\/index.php?rest_route=\/wp\/v2\/product"}],"about":[{"href":"https:\/\/mebelunams.lv\/index.php?rest_route=\/wp\/v2\/types\/product"}],"wp:featuredmedia":[{"embeddable":true,"href":"https:\/\/mebelunams.lv\/index.php?rest_route=\/wp\/v2\/media\/3849"}],"wp:attachment":[{"href":"https:\/\/mebelunams.lv\/index.php?rest_route=%2Fwp%2Fv2%2Fmedia&parent=572"}],"wp:term":[{"taxonomy":"product_cat","embeddable":true,"href":"https:\/\/mebelunams.lv\/index.php?rest_route=%2Fwp%2Fv2%2Fproduct_cat&post=572"},{"taxonomy":"product_tag","embeddable":true,"href":"https:\/\/mebelunams.lv\/index.php?rest_route=%2Fwp%2Fv2%2Fproduct_tag&post=572"}],"curies":[{"name":"wp","href":"https:\/\/api.w.org\/{rel}","templated":true}]}}