{"id":537,"date":"2020-08-26T09:28:45","date_gmt":"2020-08-26T07:28:45","guid":{"rendered":"http:\/\/mebelunams.lv\/?post_type=product&#038;p=537"},"modified":"2022-11-04T17:21:03","modified_gmt":"2022-11-04T15:21:03","slug":"gulta-sandra-5","status":"publish","type":"product","link":"https:\/\/mebelunams.lv\/?product=gulta-sandra-5","title":{"rendered":"gulta Sandra 90 X 200"},"content":{"rendered":"","protected":false},"excerpt":{"rendered":"<p>B\u0113rza koka gulta SANDRA. Ra\u017eota Latvij\u0101. Kvalitat\u012bva, dro\u0161a un nep\u0101rsp\u0113jama iztur\u012bb\u0101. Regul\u0113jama atbalsta k\u0101ja pa vidu.<br \/>\nStandarta izm\u0113ri (matracim): 90 x 200 cm<br \/>\nMatra\u010di un mantu kastes komplekt\u0101 neietilpst.<br \/>\nKomplekt\u0101 ietilpst: Gultas karkass, matra\u010da l\u012bstes, furnit\u016bra, salik\u0161anas instrukcija.<\/p>\n<p>Pieejama sekojo\u0161os kr\u0101su to\u0146os: Dab\u012bgi lakota; Balin\u0101ta (piens); Medus; Buks; Ozols; Gai\u0161s rieksts, Tum\u0161s rieksts, Sarkankoks (mahagons), k\u0101 ar\u012b citos p\u0113c pas\u016bt\u012bjuma.<\/p>\n<p>Cena nor\u0101d\u012bta dab\u012bgi lakotai gultai!<\/p>\n<table width=\"335\">\n<tbody>\n<tr>\n<td width=\"120\">90 X\u00a0 200 cm<\/td>\n<td width=\"64\">242<\/td>\n<td width=\"87\">ton\u0113\u0161ana<\/td>\n<td width=\"64\">35<\/td>\n<\/tr>\n<tr>\n<td>120 X 200 cm<\/td>\n<td>277<\/td>\n<td>ton\u0113\u0161ana<\/td>\n<td>41<\/td>\n<\/tr>\n<tr>\n<td>140 X 200 cm<\/td>\n<td>316<\/td>\n<td>ton\u0113\u0161ana<\/td>\n<td>41<\/td>\n<\/tr>\n<tr>\n<td>160 X 200 cm<\/td>\n<td>357<\/td>\n<td>ton\u0113\u0161ana<\/td>\n<td>39<\/td>\n<\/tr>\n<tr>\n<td>180 X 200 cm<\/td>\n<td>378<\/td>\n<td>ton\u0113\u0161ana<\/td>\n<td>37<\/td>\n<\/tr>\n<\/tbody>\n<\/table>\n<p>&nbsp;<\/p>\n","protected":false},"featured_media":6166,"template":"","meta":{"neve_meta_sidebar":"","neve_meta_container":"","neve_meta_enable_content_width":"off","neve_meta_content_width":70,"neve_meta_title_alignment":"","neve_meta_author_avatar":"","neve_post_elements_order":"","neve_meta_disable_header":"","neve_meta_disable_footer":"","neve_meta_disable_title":""},"product_cat":[40,24],"product_tag":[],"_links":{"self":[{"href":"https:\/\/mebelunams.lv\/index.php?rest_route=\/wp\/v2\/product\/537"}],"collection":[{"href":"https:\/\/mebelunams.lv\/index.php?rest_route=\/wp\/v2\/product"}],"about":[{"href":"https:\/\/mebelunams.lv\/index.php?rest_route=\/wp\/v2\/types\/product"}],"wp:featuredmedia":[{"embeddable":true,"href":"https:\/\/mebelunams.lv\/index.php?rest_route=\/wp\/v2\/media\/6166"}],"wp:attachment":[{"href":"https:\/\/mebelunams.lv\/index.php?rest_route=%2Fwp%2Fv2%2Fmedia&parent=537"}],"wp:term":[{"taxonomy":"product_cat","embeddable":true,"href":"https:\/\/mebelunams.lv\/index.php?rest_route=%2Fwp%2Fv2%2Fproduct_cat&post=537"},{"taxonomy":"product_tag","embeddable":true,"href":"https:\/\/mebelunams.lv\/index.php?rest_route=%2Fwp%2Fv2%2Fproduct_tag&post=537"}],"curies":[{"name":"wp","href":"https:\/\/api.w.org\/{rel}","templated":true}]}}