{"id":4678,"date":"2021-06-09T09:19:19","date_gmt":"2021-06-09T07:19:19","guid":{"rendered":"https:\/\/mebelunams.lv\/?post_type=product&#038;p=4678"},"modified":"2026-01-03T17:11:34","modified_gmt":"2026-01-03T15:11:34","slug":"kumode-retro-6a","status":"publish","type":"product","link":"https:\/\/mebelunams.lv\/?product=kumode-retro-6a","title":{"rendered":"kumode KLASIK 6A"},"content":{"rendered":"","protected":false},"excerpt":{"rendered":"<p>Mas\u012bvkoka kumode<br \/>\nMateri\u0101ls: melnalksnis<br \/>\nKr\u0101sa: dab\u012bgi lakota<br \/>\nAugstums: 100 cm<br \/>\nPlatums: 100 cm<br \/>\nDzi\u013cums: 50 cm<\/p>\n<p><strong>Iesp\u0113ja pas\u016bt\u012bt cit\u0101s kr\u0101s\u0101s:<\/strong><\/p>\n<p><strong>rieksta tonis +15%<\/strong><\/p>\n<p><strong>piena tonis +20%<\/strong><\/p>\n","protected":false},"featured_media":4679,"template":"","meta":{"neve_meta_sidebar":"","neve_meta_container":"","neve_meta_enable_content_width":"off","neve_meta_content_width":100,"neve_meta_title_alignment":"","neve_meta_author_avatar":"","neve_post_elements_order":"","neve_meta_disable_header":"","neve_meta_disable_footer":"","neve_meta_disable_title":""},"product_cat":[827,18],"product_tag":[],"_links":{"self":[{"href":"https:\/\/mebelunams.lv\/index.php?rest_route=\/wp\/v2\/product\/4678"}],"collection":[{"href":"https:\/\/mebelunams.lv\/index.php?rest_route=\/wp\/v2\/product"}],"about":[{"href":"https:\/\/mebelunams.lv\/index.php?rest_route=\/wp\/v2\/types\/product"}],"wp:featuredmedia":[{"embeddable":true,"href":"https:\/\/mebelunams.lv\/index.php?rest_route=\/wp\/v2\/media\/4679"}],"wp:attachment":[{"href":"https:\/\/mebelunams.lv\/index.php?rest_route=%2Fwp%2Fv2%2Fmedia&parent=4678"}],"wp:term":[{"taxonomy":"product_cat","embeddable":true,"href":"https:\/\/mebelunams.lv\/index.php?rest_route=%2Fwp%2Fv2%2Fproduct_cat&post=4678"},{"taxonomy":"product_tag","embeddable":true,"href":"https:\/\/mebelunams.lv\/index.php?rest_route=%2Fwp%2Fv2%2Fproduct_tag&post=4678"}],"curies":[{"name":"wp","href":"https:\/\/api.w.org\/{rel}","templated":true}]}}