{"id":422,"date":"2020-08-25T09:22:34","date_gmt":"2020-08-25T07:22:34","guid":{"rendered":"http:\/\/mebelunams.lv\/?post_type=product&#038;p=422"},"modified":"2025-09-07T12:35:30","modified_gmt":"2025-09-07T10:35:30","slug":"gulta-fantazija","status":"publish","type":"product","link":"https:\/\/mebelunams.lv\/?product=gulta-fantazija","title":{"rendered":"gulta Fant\u0101zija 120 X 200"},"content":{"rendered":"","protected":false},"excerpt":{"rendered":"<p>B\u0113rza koka gulta FANT\u0100ZIJA. Ra\u017eots Latvij\u0101. Kvalitat\u012bva, dro\u0161a un nep\u0101rsp\u0113jama iztur\u012bb\u0101. Divas regul\u0113jamas atbalsta k\u0101jas pa vidu<br \/>\nStandarta izm\u0113ri (matracim): 120 x 200 cm<br \/>\nMatra\u010di un mantu kastes komplekt\u0101 neietilpst.<br \/>\nKomplekt\u0101 ietilpst: Gultas karkass, matra\u010da l\u012bstes, furnit\u016bra.<\/p>\n<p>Pieejama kr\u0101su to\u0146os: Dab\u012bgi lakota; Balin\u0101ta (piens); Medus; Buks; Ozols; Gai\u0161s rieksts, Tum\u0161s rieksts, Sarkankoks (mahagons), k\u0101 ar\u012b citos p\u0113c pas\u016bt\u012bjuma.<\/p>\n<table border=\"0\" width=\"357\" cellspacing=\"0\" cellpadding=\"2\">\n<tbody>\n<tr>\n<td width=\"127\">90 X 200 cm<\/td>\n<td width=\"56\">477<\/td>\n<td width=\"86\">ton\u0113\u0161ana<\/td>\n<td width=\"71\">49<\/td>\n<\/tr>\n<tr>\n<td width=\"127\">120 X 200 cm<\/td>\n<td width=\"56\">520<\/td>\n<td width=\"86\">ton\u0113\u0161ana<\/td>\n<td width=\"71\">49<\/td>\n<\/tr>\n<tr>\n<td width=\"127\">140 X 200 cm<\/td>\n<td width=\"56\">543<\/td>\n<td width=\"86\">ton\u0113\u0161ana<\/td>\n<td width=\"71\">49<\/td>\n<\/tr>\n<tr>\n<td width=\"127\">160 X 200 cm<\/td>\n<td width=\"56\">567<\/td>\n<td width=\"86\">ton\u0113\u0161ana<\/td>\n<td width=\"71\">49<\/td>\n<\/tr>\n<tr>\n<td width=\"127\">180 X 200 cm<\/td>\n<td width=\"56\">589<\/td>\n<td width=\"86\">ton\u0113\u0161ana<\/td>\n<td width=\"71\">49<\/td>\n<\/tr>\n<tr>\n<td width=\"127\">200 X 200 cm<\/td>\n<td width=\"56\">650<\/td>\n<td width=\"86\">ar ton\u0113\u0161anu<\/td>\n<td width=\"71\">59<\/td>\n<\/tr>\n<\/tbody>\n<\/table>\n","protected":false},"featured_media":7329,"template":"","meta":{"neve_meta_sidebar":"","neve_meta_container":"","neve_meta_enable_content_width":"off","neve_meta_content_width":70,"neve_meta_title_alignment":"","neve_meta_author_avatar":"","neve_post_elements_order":"","neve_meta_disable_header":"","neve_meta_disable_footer":"","neve_meta_disable_title":""},"product_cat":[36],"product_tag":[],"_links":{"self":[{"href":"https:\/\/mebelunams.lv\/index.php?rest_route=\/wp\/v2\/product\/422"}],"collection":[{"href":"https:\/\/mebelunams.lv\/index.php?rest_route=\/wp\/v2\/product"}],"about":[{"href":"https:\/\/mebelunams.lv\/index.php?rest_route=\/wp\/v2\/types\/product"}],"wp:featuredmedia":[{"embeddable":true,"href":"https:\/\/mebelunams.lv\/index.php?rest_route=\/wp\/v2\/media\/7329"}],"wp:attachment":[{"href":"https:\/\/mebelunams.lv\/index.php?rest_route=%2Fwp%2Fv2%2Fmedia&parent=422"}],"wp:term":[{"taxonomy":"product_cat","embeddable":true,"href":"https:\/\/mebelunams.lv\/index.php?rest_route=%2Fwp%2Fv2%2Fproduct_cat&post=422"},{"taxonomy":"product_tag","embeddable":true,"href":"https:\/\/mebelunams.lv\/index.php?rest_route=%2Fwp%2Fv2%2Fproduct_tag&post=422"}],"curies":[{"name":"wp","href":"https:\/\/api.w.org\/{rel}","templated":true}]}}