{"id":3781,"date":"2021-06-04T18:08:07","date_gmt":"2021-06-04T16:08:07","guid":{"rendered":"https:\/\/mebelunams.lv\/?post_type=product&#038;p=3781"},"modified":"2026-01-05T18:15:08","modified_gmt":"2026-01-05T16:15:08","slug":"prieksnama-iekarta-clasik","status":"publish","type":"product","link":"https:\/\/mebelunams.lv\/?product=prieksnama-iekarta-clasik","title":{"rendered":"priek\u0161nama iek\u0101rta Klasik"},"content":{"rendered":"","protected":false},"excerpt":{"rendered":"<p>Platums: 118 cm<br \/>\nDzi\u013cums: 37 cm<br \/>\nAugstums: 206 cm<br \/>\nCen\u0101 nav iek\u013cauts skapis<\/p>\n<p>iesp\u0113ja pas\u016bt\u012bt cit\u0101s kr\u0101s\u0101s:<\/p>\n<p>&nbsp;<\/p>\n<p>rieksta tonis +15%<\/p>\n<p>piena tonis +20%<\/p>\n<p>mahagona tonis +30%<\/p>\n","protected":false},"featured_media":3782,"template":"","meta":{"neve_meta_sidebar":"","neve_meta_container":"","neve_meta_enable_content_width":"off","neve_meta_content_width":70,"neve_meta_title_alignment":"","neve_meta_author_avatar":"","neve_post_elements_order":"","neve_meta_disable_header":"","neve_meta_disable_footer":"","neve_meta_disable_title":""},"product_cat":[74],"product_tag":[],"_links":{"self":[{"href":"https:\/\/mebelunams.lv\/index.php?rest_route=\/wp\/v2\/product\/3781"}],"collection":[{"href":"https:\/\/mebelunams.lv\/index.php?rest_route=\/wp\/v2\/product"}],"about":[{"href":"https:\/\/mebelunams.lv\/index.php?rest_route=\/wp\/v2\/types\/product"}],"wp:featuredmedia":[{"embeddable":true,"href":"https:\/\/mebelunams.lv\/index.php?rest_route=\/wp\/v2\/media\/3782"}],"wp:attachment":[{"href":"https:\/\/mebelunams.lv\/index.php?rest_route=%2Fwp%2Fv2%2Fmedia&parent=3781"}],"wp:term":[{"taxonomy":"product_cat","embeddable":true,"href":"https:\/\/mebelunams.lv\/index.php?rest_route=%2Fwp%2Fv2%2Fproduct_cat&post=3781"},{"taxonomy":"product_tag","embeddable":true,"href":"https:\/\/mebelunams.lv\/index.php?rest_route=%2Fwp%2Fv2%2Fproduct_tag&post=3781"}],"curies":[{"name":"wp","href":"https:\/\/api.w.org\/{rel}","templated":true}]}}