{"id":3773,"date":"2021-06-04T18:02:35","date_gmt":"2021-06-04T16:02:35","guid":{"rendered":"https:\/\/mebelunams.lv\/?post_type=product&#038;p=3773"},"modified":"2022-01-05T06:00:35","modified_gmt":"2022-01-05T04:00:35","slug":"kumode-clasik-eko-4a2d","status":"publish","type":"product","link":"https:\/\/mebelunams.lv\/?product=kumode-clasik-eko-4a2d","title":{"rendered":"kumode Eta 4A2D"},"content":{"rendered":"","protected":false},"excerpt":{"rendered":"<p><strong>Augstums:<\/strong>\u00a094 cm<br \/>\n<strong>Platums:<\/strong>\u00a0126 cm<br \/>\n<strong>Dzi\u013cums:<\/strong>\u00a049 cm<br \/>\n<strong>Materi\u0101ls:<\/strong>\u00a0melnalksnis<br \/>\n<strong>Kr\u0101sa:<\/strong>\u00a0natur\u0101la,<\/p>\n<p>iesp\u0113ja pas\u016bt\u012bt cit\u0101s kr\u0101s\u0101s:<\/p>\n<p>&nbsp;<\/p>\n<p>rieksta tonis +15%<\/p>\n<p>piena tonis +20%<\/p>\n<p>mahagona tonis +30%<\/p>\n<p><strong>Vadotnes:<\/strong>\u00a0rull\u012b\u0161u meh\u0101nisms<br \/>\n<strong>Rokturi:<\/strong>\u00a0koks<br \/>\n<strong>K\u0101jas:<\/strong>\u00a0koks<\/p>\n","protected":false},"featured_media":3774,"template":"","meta":{"neve_meta_sidebar":"","neve_meta_container":"","neve_meta_enable_content_width":"off","neve_meta_content_width":70,"neve_meta_title_alignment":"","neve_meta_author_avatar":"","neve_post_elements_order":"","neve_meta_disable_header":"","neve_meta_disable_footer":"","neve_meta_disable_title":""},"product_cat":[827,18],"product_tag":[],"_links":{"self":[{"href":"https:\/\/mebelunams.lv\/index.php?rest_route=\/wp\/v2\/product\/3773"}],"collection":[{"href":"https:\/\/mebelunams.lv\/index.php?rest_route=\/wp\/v2\/product"}],"about":[{"href":"https:\/\/mebelunams.lv\/index.php?rest_route=\/wp\/v2\/types\/product"}],"wp:featuredmedia":[{"embeddable":true,"href":"https:\/\/mebelunams.lv\/index.php?rest_route=\/wp\/v2\/media\/3774"}],"wp:attachment":[{"href":"https:\/\/mebelunams.lv\/index.php?rest_route=%2Fwp%2Fv2%2Fmedia&parent=3773"}],"wp:term":[{"taxonomy":"product_cat","embeddable":true,"href":"https:\/\/mebelunams.lv\/index.php?rest_route=%2Fwp%2Fv2%2Fproduct_cat&post=3773"},{"taxonomy":"product_tag","embeddable":true,"href":"https:\/\/mebelunams.lv\/index.php?rest_route=%2Fwp%2Fv2%2Fproduct_tag&post=3773"}],"curies":[{"name":"wp","href":"https:\/\/api.w.org\/{rel}","templated":true}]}}