{"id":3767,"date":"2021-06-04T17:40:22","date_gmt":"2021-06-04T15:40:22","guid":{"rendered":"https:\/\/mebelunams.lv\/?post_type=product&#038;p=3767"},"modified":"2026-01-02T18:49:45","modified_gmt":"2026-01-02T16:49:45","slug":"velas-kaste-clasik-80","status":"publish","type":"product","link":"https:\/\/mebelunams.lv\/?product=velas-kaste-clasik-80","title":{"rendered":"ve\u013cas kaste Eta 80"},"content":{"rendered":"","protected":false},"excerpt":{"rendered":"<p><strong>Augstums:\u00a0<\/strong>54 cm<br \/>\n<strong>Platums:<\/strong> 80 cm<br \/>\n<strong>Dzi\u013cums:<\/strong>\u00a046 cm<br \/>\n<strong>Materi\u0101ls:<\/strong>\u00a0koks (melnalksnis)<br \/>\n<strong>Kr\u0101sa:\u00a0<\/strong>alksnis ,<\/p>\n<p>iesp\u0113ja pas\u016bt\u012bt cit\u0101s kr\u0101s\u0101s:<\/p>\n<p>&nbsp;<\/p>\n<p>rieksta tonis +15%<\/p>\n<p>piena tonis +20%<\/p>\n<p>mahagona tonis +30%<\/p>\n","protected":false},"featured_media":3761,"template":"","meta":{"neve_meta_sidebar":"","neve_meta_container":"","neve_meta_enable_content_width":"off","neve_meta_content_width":70,"neve_meta_title_alignment":"","neve_meta_author_avatar":"","neve_post_elements_order":"","neve_meta_disable_header":"","neve_meta_disable_footer":"","neve_meta_disable_title":""},"product_cat":[806,827],"product_tag":[],"_links":{"self":[{"href":"https:\/\/mebelunams.lv\/index.php?rest_route=\/wp\/v2\/product\/3767"}],"collection":[{"href":"https:\/\/mebelunams.lv\/index.php?rest_route=\/wp\/v2\/product"}],"about":[{"href":"https:\/\/mebelunams.lv\/index.php?rest_route=\/wp\/v2\/types\/product"}],"wp:featuredmedia":[{"embeddable":true,"href":"https:\/\/mebelunams.lv\/index.php?rest_route=\/wp\/v2\/media\/3761"}],"wp:attachment":[{"href":"https:\/\/mebelunams.lv\/index.php?rest_route=%2Fwp%2Fv2%2Fmedia&parent=3767"}],"wp:term":[{"taxonomy":"product_cat","embeddable":true,"href":"https:\/\/mebelunams.lv\/index.php?rest_route=%2Fwp%2Fv2%2Fproduct_cat&post=3767"},{"taxonomy":"product_tag","embeddable":true,"href":"https:\/\/mebelunams.lv\/index.php?rest_route=%2Fwp%2Fv2%2Fproduct_tag&post=3767"}],"curies":[{"name":"wp","href":"https:\/\/api.w.org\/{rel}","templated":true}]}}